{"id":9,"date":"2014-07-17T15:11:25","date_gmt":"2014-07-17T15:11:25","guid":{"rendered":"http:\/\/sjrmd.wordpress.com\/?page_id=9"},"modified":"2026-02-10T13:25:04","modified_gmt":"2026-02-10T12:25:04","slug":"mitglieder","status":"publish","type":"page","link":"https:\/\/www.sjr-magdeburg.de\/index.php\/verein\/mitglieder\/","title":{"rendered":"Mitglieder"},"content":{"rendered":"\t\t<div data-elementor-type=\"wp-page\" data-elementor-id=\"9\" class=\"elementor elementor-9\">\n\t\t\t\t<div class=\"elementor-element elementor-element-55eb9350 e-flex e-con-boxed e-con e-parent\" data-id=\"55eb9350\" data-element_type=\"container\" data-e-type=\"container\">\n\t\t\t\t\t<div class=\"e-con-inner\">\n\t\t\t\t<div class=\"elementor-element elementor-element-199e0c39 elementor-widget elementor-widget-text-editor\" data-id=\"199e0c39\" data-element_type=\"widget\" data-e-type=\"widget\" data-widget_type=\"text-editor.default\">\n\t\t\t\t\t\t\t\t\t<h2><span style=\"color: #000000;\">Mitglieder des StadtJugendRing Magdeburg e.V.\u00a0<\/span><\/h2>\n<p><span style=\"color: #000000;\">Aktuell hat der SJR insgesamt 27 Mitgliedsvereine, die sich auf unterschiedliche Interessen und Aufgabenschwerpunkte im Bereich der Kinder- und Jugendhilfe konzentrieren:<\/span><\/p>\n<div><a href=\"http:\/\/awo-kv-magdeburg.de\/\" target=\"_blank\" rel=\"noopener noreferrer\">AWO Kreisverband Magdeburg e.V.<\/a><\/div>\n<!-- \/wp:paragraph --><!-- wp:paragraph -->\n<div><a href=\"http:\/\/www.caritas-magdeburg-stadt.de\/\" target=\"_blank\" rel=\"noopener noreferrer\">Caritasverband f\u00fcr das Dekanat Magdeburg e. V.<\/a><\/div>\n<!-- \/wp:paragraph --><!-- wp:paragraph -->\n<div><a href=\"http:\/\/www.cvjm-magdeburg.de\" target=\"_blank\" rel=\"noopener noreferrer\">CVJM Magdeburg e. V. Christliche Vereinigung junger Menschen Magdeburg<\/a><\/div>\n<!-- \/wp:paragraph --><!-- wp:paragraph -->\n<div><a href=\"http:\/\/www.dfv-lsa.de\/\" target=\"_blank\" rel=\"noopener noreferrer\">Deutscher Familienverband Sachsen-Anhalt e. V.<\/a><\/div>\n<!-- \/wp:paragraph --><!-- wp:paragraph -->\n<div><a href=\"http:\/\/www.magdeburg-altmark.dgb.de\/index_html?-C=\" target=\"_blank\" rel=\"noopener noreferrer\">Deutscher Gewerkschaftsbund Region Magdeburg-Altmark<\/a><\/div>\n<!-- \/wp:paragraph --><!-- wp:paragraph -->\n<div><a href=\"http:\/\/www.kinderschutzbund-lsa.de\/\" target=\"_blank\" rel=\"noopener noreferrer\">Deutscher Kinderschutzbund LV Sachsen-Anhalt e. V.<\/a><\/div>\n<div><a href=\"http:\/\/www.die-bruecke-magdeburg.de\/\" target=\"_blank\" rel=\"noopener noreferrer\">Die Br\u00fccke Magdeburg gGmbH<\/a><\/div>\n<div><a href=\"https:\/\/www.ek-md.de\/arbeitsbereiche\/kinder-und-jugend\/\">Evangelischer Kirchenkreis Magdeburg<\/a><\/div>\n<!-- \/wp:paragraph --><!-- wp:paragraph --><!-- \/wp:paragraph --><!-- wp:paragraph --><!-- \/wp:paragraph --><!-- wp:paragraph -->\n<div><a href=\"http:\/\/www.familienhaus-magdeburg.de\/\" target=\"_blank\" rel=\"noopener noreferrer\">Familienhaus Magdeburg gGMBH<\/a><\/div>\n<!-- \/wp:paragraph --><!-- wp:paragraph -->\n<div><a href=\"http:\/\/www.groeningerbad.de\/\" target=\"_blank\" rel=\"noopener noreferrer\">Gr\u00f6ninger Bad &#8211; Aktion Musik e.V.<\/a><\/div>\n<div><a href=\"https:\/\/independentliving.de\/il-kita-s-a\" target=\"_blank\" rel=\"noopener noreferrer\">Independent Living &#8211; Kindertagesst\u00e4tten f\u00fcr Sachsen-Anhalt gGmbH<\/a><\/div>\n<!-- \/wp:paragraph --><!-- wp:paragraph --><!-- \/wp:paragraph --><!-- wp:paragraph -->\n<div><a href=\"http:\/\/www.jugendweihe.info\/landkreis.kreisfreie_staedte.html\" target=\"_blank\" rel=\"noopener noreferrer\">Interessenvereinigung Jugendweihe e. V.<\/a><\/div>\n<!-- \/wp:paragraph --><!-- wp:paragraph -->\n<div><a href=\"https:\/\/www.internationaler-bund.de\/standort\/210371\/\" target=\"_blank\" rel=\"noopener noreferrer\">Internationaler Bund Mitte gGmbH<\/a><\/div>\n<div><a href=\"https:\/\/www.johanniter.de\/juh\/lv-sat\/rv-magdeburg-boerde-harz\/\">Johanniter Jugend Magdeburg der Johanniter-Unfall-Hilfe e.V. RV Magdeburg\/B\u00f6rde\/Harz<\/a><\/div>\n<div><a href=\"https:\/\/www.drk-mdjl.de\/angebote\/engagement\/jugendrotkreuz.html\" target=\"_blank\" rel=\"noreferrer noopener\">Jugendrotkreuz im DRK Stadtverband Magdeburg e. V.<\/a><\/div>\n<div><a href=\"http:\/\/www.juhu-magdeburg.de\/\" target=\"_blank\" rel=\"noopener noreferrer\">Junge Humanisten Magdeburg e. V.<\/a><\/div>\n<div><a href=\"https:\/\/keb-sachsen-anhalt.de\/\" target=\"_blank\" rel=\"noreferrer noopener\">Katholische Erwachsenenbildung im Land Sachsen-Anhalt e.V.<\/a><\/div>\n<div><a href=\"http:\/\/www.magdeburgerstadtmission.de\/\" target=\"_blank\" rel=\"noopener noreferrer\">Magdeburger Stadtmission e. V.<\/a><\/div>\n<div><a href=\"https:\/\/www.netzwerk-courage.de\/web\/154.html\" target=\"_blank\" rel=\"noopener noreferrer\">Netzwerk f\u00fcr Demokratie und Courage Sachsen-Anhalt e. V.<\/a><\/div>\n<div><a href=\"https:\/\/www.outlaw-ggmbh.de\/standort\/magdeburg\">Outlaw gGmbH<\/a><\/div>\n<div><a href=\"https:\/\/www.ok-magdeburg.de\/\" target=\"_blank\" rel=\"noopener\">Offener Kanal Magdeburg<\/a><\/div>\n<div><a href=\"https:\/\/www.sunrise-magdeburg.de\/\">Sunrise e.V.<\/a><\/div>\n<div><a href=\"http:\/\/www.falken-lsa.de\" target=\"_blank\" rel=\"noopener noreferrer\">SJD-Die-Falken Landesverband Sachsen-Anhalt<\/a><\/div>\n<div><a href=\"http:\/\/www.spielwagen-magdeburg.de\/\" target=\"_blank\" rel=\"noopener noreferrer\">Spielwagen e.V.<\/a><\/div>\n<div><a href=\"https:\/\/www.ssb-magdeburg.de\/o.red.c\/sportjugend-magdeburg.php\" target=\"_blank\" rel=\"noreferrer noopener\">Sportjugend Magdeburg im Stadtsportbund Magdeburg e.V.<\/a><\/div>\n<div><a href=\"http:\/\/www.stejh.de\/\" target=\"_blank\" rel=\"noopener noreferrer\">Stiftung Evangelische Jugendhilfe St. Johannis<\/a><\/div>\n<div><a href=\"http:\/\/www.medientreff-zone.de\/\" target=\"_blank\" rel=\"noopener noreferrer\">zone! &#8211; der Medientreff\/fjp&gt;media<\/a><\/div>\n<div>\u00a0<\/div>\n<div><span style=\"color: #000000;\">Dein Verein\/dein Verband ist noch nicht Mitglied im StadtJugendRing Magdeburg e.V.? Kein Problem, sprich uns einfach an oder schreib eine Mail an info(at)sjr-magdeburg.de! Wir k\u00f6nnen in einem pers\u00f6nlichen Gespr\u00e4ch gern weitere Informationen geben und zur Mitgliedschaft beraten.<\/span><\/div>\n<!-- \/wp:paragraph -->\t\t\t\t\t\t\t\t<\/div>\n\t\t\t\t\t<\/div>\n\t\t\t\t<\/div>\n\t\t\t\t<\/div>\n\t\t","protected":false},"excerpt":{"rendered":"<p>Mitglieder des StadtJugendRing Magdeburg e.V.\u00a0 Aktuell hat der SJR insgesamt 27 Mitgliedsvereine, die sich auf unterschiedliche Interessen und Aufgabenschwerpunkte im Bereich der Kinder- und Jugendhilfe konzentrieren: AWO Kreisverband Magdeburg e.V. Caritasverband f\u00fcr das Dekanat Magdeburg e. V. CVJM Magdeburg e. &hellip; <a href=\"https:\/\/www.sjr-magdeburg.de\/index.php\/verein\/mitglieder\/\">Weiterlesen <span class=\"meta-nav\">&rarr;<\/span><\/a><\/p>\n","protected":false},"author":1,"featured_media":0,"parent":56,"menu_order":0,"comment_status":"closed","ping_status":"closed","template":"sidebar-page.php","meta":{"footnotes":""},"class_list":["post-9","page","type-page","status-publish","hentry"],"_links":{"self":[{"href":"https:\/\/www.sjr-magdeburg.de\/index.php\/wp-json\/wp\/v2\/pages\/9","targetHints":{"allow":["GET"]}}],"collection":[{"href":"https:\/\/www.sjr-magdeburg.de\/index.php\/wp-json\/wp\/v2\/pages"}],"about":[{"href":"https:\/\/www.sjr-magdeburg.de\/index.php\/wp-json\/wp\/v2\/types\/page"}],"author":[{"embeddable":true,"href":"https:\/\/www.sjr-magdeburg.de\/index.php\/wp-json\/wp\/v2\/users\/1"}],"replies":[{"embeddable":true,"href":"https:\/\/www.sjr-magdeburg.de\/index.php\/wp-json\/wp\/v2\/comments?post=9"}],"version-history":[{"count":29,"href":"https:\/\/www.sjr-magdeburg.de\/index.php\/wp-json\/wp\/v2\/pages\/9\/revisions"}],"predecessor-version":[{"id":2287,"href":"https:\/\/www.sjr-magdeburg.de\/index.php\/wp-json\/wp\/v2\/pages\/9\/revisions\/2287"}],"up":[{"embeddable":true,"href":"https:\/\/www.sjr-magdeburg.de\/index.php\/wp-json\/wp\/v2\/pages\/56"}],"wp:attachment":[{"href":"https:\/\/www.sjr-magdeburg.de\/index.php\/wp-json\/wp\/v2\/media?parent=9"}],"curies":[{"name":"wp","href":"https:\/\/api.w.org\/{rel}","templated":true}]}}