{"id":79,"date":"2016-03-23T09:55:43","date_gmt":"2016-03-23T09:55:43","guid":{"rendered":"https:\/\/sjrmd.wordpress.com\/jugendinformationszentrum\/"},"modified":"2020-07-23T11:53:10","modified_gmt":"2020-07-23T09:53:10","slug":"jugendinformationszentrum","status":"publish","type":"page","link":"https:\/\/www.sjr-magdeburg.de\/index.php\/projekte\/jugendinformationszentrum\/","title":{"rendered":"JugendInformationsZentrum"},"content":{"rendered":"<img decoding=\"async\" src=\"\/wp-content\/uploads\/2017\/03\/jizpanel.png\" alt=\"Klick\" \/>\n<p style=\"text-align: justify;\">Das JugendInformationsZentrum Magdeburg (JIZ) ist eine zentrale Anlaufstelle und Kontaktadresse f\u00fcr alle Kinder und Jugendlichen in der Landeshauptstadt Magdeburg. Zentral f\u00fcr die Arbeit des JIZ sind Informationsaufbereitung, -verbreitung, zur Verf\u00fcgungstellung, Beratung und Vermittlung von weiteren Angeboten.<\/p>\n<p style=\"text-align: justify;\">Die offene <strong><a href=\"http:\/\/jiz-magdeburg.de\/jugendsprechstunde\/\">Jugendsprechstunde<\/a><\/strong> ist jeden Mittwoch von 15.00-19.00 Uhr<\/p>\n<p style=\"text-align: justify;\"><strong>Kontakt:<\/strong><\/p>\n<p style=\"text-align: justify;\"><strong>E-Mail: &#x69;n&#x66;&#111;&#x40;&#x6a;i&#x7a;&#45;&#x6d;&#x61;g&#x64;&#101;&#x62;&#x75;r&#x67;&#46;&#x64;&#x65;<\/strong><\/p>\n<p style=\"text-align: justify;\"><strong>Telefon: 0391\/ 58 23 91 91 <\/strong><\/p>\n<p style=\"text-align: justify;\"><strong>Web: <a href=\"http:\/\/jiz-magdeburg.de\">www.jiz-magdeburg.de<\/a><\/strong><\/p>\n<p style=\"text-align: justify;\"><strong>Infoflyer:<a href=\"https:\/\/www.sjr-magdeburg.de\/wp-content\/uploads\/2020\/07\/FlyerJIZ2018.pdf\" rel=\"\">JIZ_Infoflyer<\/a><\/strong><\/p>","protected":false},"excerpt":{"rendered":"<p>Das JugendInformationsZentrum Magdeburg (JIZ) ist eine zentrale Anlaufstelle und Kontaktadresse f\u00fcr alle Kinder und Jugendlichen in der Landeshauptstadt Magdeburg. Zentral f\u00fcr die Arbeit des JIZ sind Informationsaufbereitung, -verbreitung, zur Verf\u00fcgungstellung, Beratung und Vermittlung von weiteren Angeboten. Die offene Jugendsprechstunde ist &hellip; <a href=\"https:\/\/www.sjr-magdeburg.de\/index.php\/projekte\/jugendinformationszentrum\/\">Weiterlesen <span class=\"meta-nav\">&rarr;<\/span><\/a><\/p>\n","protected":false},"author":1,"featured_media":0,"parent":52,"menu_order":0,"comment_status":"closed","ping_status":"closed","template":"sidebar-page.php","meta":{"footnotes":""},"class_list":["post-79","page","type-page","status-publish","hentry"],"_links":{"self":[{"href":"https:\/\/www.sjr-magdeburg.de\/index.php\/wp-json\/wp\/v2\/pages\/79","targetHints":{"allow":["GET"]}}],"collection":[{"href":"https:\/\/www.sjr-magdeburg.de\/index.php\/wp-json\/wp\/v2\/pages"}],"about":[{"href":"https:\/\/www.sjr-magdeburg.de\/index.php\/wp-json\/wp\/v2\/types\/page"}],"author":[{"embeddable":true,"href":"https:\/\/www.sjr-magdeburg.de\/index.php\/wp-json\/wp\/v2\/users\/1"}],"replies":[{"embeddable":true,"href":"https:\/\/www.sjr-magdeburg.de\/index.php\/wp-json\/wp\/v2\/comments?post=79"}],"version-history":[{"count":6,"href":"https:\/\/www.sjr-magdeburg.de\/index.php\/wp-json\/wp\/v2\/pages\/79\/revisions"}],"predecessor-version":[{"id":892,"href":"https:\/\/www.sjr-magdeburg.de\/index.php\/wp-json\/wp\/v2\/pages\/79\/revisions\/892"}],"up":[{"embeddable":true,"href":"https:\/\/www.sjr-magdeburg.de\/index.php\/wp-json\/wp\/v2\/pages\/52"}],"wp:attachment":[{"href":"https:\/\/www.sjr-magdeburg.de\/index.php\/wp-json\/wp\/v2\/media?parent=79"}],"curies":[{"name":"wp","href":"https:\/\/api.w.org\/{rel}","templated":true}]}}