{"id":7,"date":"2015-02-17T18:59:20","date_gmt":"2015-02-17T18:59:20","guid":{"rendered":"http:\/\/sjrmd.wordpress.com\/?page_id=7"},"modified":"2025-02-10T17:01:22","modified_gmt":"2025-02-10T16:01:22","slug":"kontakt","status":"publish","type":"page","link":"https:\/\/www.sjr-magdeburg.de\/index.php\/kontakt\/","title":{"rendered":"Kontakt"},"content":{"rendered":"<h1><span style=\"color: #ff0000;\"><strong>StadtJugendRing Magdeburg e. V.<\/strong><\/span><\/h1>\n<strong>Anschrift Gesch\u00e4ftsstelle:<\/strong>\n<ul>\n \t<li>Pauline Sack (Gesch\u00e4ftsf\u00fchrerin in Vertretung\/Jugendverbandsreferentin)<\/li>\n \t<li>Leibnizstra\u00dfe 25 | 39104 Magdeburg<\/li>\n \t<li>Telefon: 0391 \/ 58239191<\/li>\n \t<li>Handynummer: 015758275680<\/li>\n \t<li>E-Mail: <a href=\"m&#97;&#x69;&#x6c;to&#x3a;&#x69;nf&#111;&#x40;&#x73;j&#114;&#x2d;&#x6d;ag&#x64;&#x65;bu&#114;&#x67;&#x2e;d&#101;\">&#x69;&#x6e;&#x66;&#x6f;&#x40;&#x73;&#x6a;&#x72;&#x2d;&#x6d;&#x61;&#x67;&#x64;&#x65;&#98;&#117;&#114;&#103;&#46;&#100;e<\/a><\/li>\n<\/ul>\n<p style=\"text-align: left;\"><img decoding=\"async\" class=\"alignnone size-medium wp-image-291\" src=\"https:\/\/www.sjr-magdeburg.de\/wp-content\/uploads\/2017\/01\/magdeburg-ottostadt-logo-300x100.gif\" alt=\"\" width=\"300\" height=\"100\" srcset=\"https:\/\/www.sjr-magdeburg.de\/wp-content\/uploads\/2017\/01\/magdeburg-ottostadt-logo-300x100.gif 300w, https:\/\/www.sjr-magdeburg.de\/wp-content\/uploads\/2017\/01\/magdeburg-ottostadt-logo-500x167.gif 500w\" sizes=\"(max-width: 300px) 100vw, 300px\" \/><\/p>\n<p style=\"text-align: left;\"><span style=\"color: #ff0000;\">Der StadtJugendRing e.V. und seine Projekte werden durch das Jugendamt der Landeshauptstadt Magdeburg gef\u00f6rdert<\/span><\/p>\n\n<ul>\n \t<li style=\"text-align: left;\">Der Inhalt dieser Website des StadtJugendRings Magdeburg e. V. ist urheberrechtlich gesch\u00fctzt. Die Vervielf\u00e4ltigung von Informationen oder Daten, insbesondere die Verwendung von Texten, Textteilen oder Bildmaterial bedarf der vorherigen Zustimmungen des StadtJugendRings Magdeburg e. V.<\/li>\n<\/ul>","protected":false},"excerpt":{"rendered":"<p>StadtJugendRing Magdeburg e. V. Anschrift Gesch\u00e4ftsstelle: Pauline Sack (Gesch\u00e4ftsf\u00fchrerin in Vertretung\/Jugendverbandsreferentin) Leibnizstra\u00dfe 25 | 39104 Magdeburg Telefon: 0391 \/ 58239191 Handynummer: 015758275680 E-Mail: i&#x6e;&#x66;o&#64;&#x73;j&#114;&#x2d;m&#97;&#x67;de&#x62;&#x75;r&#x67;&#x2e;d&#101; Der StadtJugendRing e.V. und seine Projekte werden durch das Jugendamt der Landeshauptstadt Magdeburg gef\u00f6rdert Der Inhalt &hellip; <a href=\"https:\/\/www.sjr-magdeburg.de\/index.php\/kontakt\/\">Weiterlesen <span class=\"meta-nav\">&rarr;<\/span><\/a><\/p>\n","protected":false},"author":1,"featured_media":0,"parent":0,"menu_order":0,"comment_status":"closed","ping_status":"closed","template":"sidebar-page.php","meta":{"footnotes":""},"class_list":["post-7","page","type-page","status-publish","hentry"],"_links":{"self":[{"href":"https:\/\/www.sjr-magdeburg.de\/index.php\/wp-json\/wp\/v2\/pages\/7","targetHints":{"allow":["GET"]}}],"collection":[{"href":"https:\/\/www.sjr-magdeburg.de\/index.php\/wp-json\/wp\/v2\/pages"}],"about":[{"href":"https:\/\/www.sjr-magdeburg.de\/index.php\/wp-json\/wp\/v2\/types\/page"}],"author":[{"embeddable":true,"href":"https:\/\/www.sjr-magdeburg.de\/index.php\/wp-json\/wp\/v2\/users\/1"}],"replies":[{"embeddable":true,"href":"https:\/\/www.sjr-magdeburg.de\/index.php\/wp-json\/wp\/v2\/comments?post=7"}],"version-history":[{"count":11,"href":"https:\/\/www.sjr-magdeburg.de\/index.php\/wp-json\/wp\/v2\/pages\/7\/revisions"}],"predecessor-version":[{"id":1790,"href":"https:\/\/www.sjr-magdeburg.de\/index.php\/wp-json\/wp\/v2\/pages\/7\/revisions\/1790"}],"wp:attachment":[{"href":"https:\/\/www.sjr-magdeburg.de\/index.php\/wp-json\/wp\/v2\/media?parent=7"}],"curies":[{"name":"wp","href":"https:\/\/api.w.org\/{rel}","templated":true}]}}