{"id":63,"date":"2016-03-23T09:50:39","date_gmt":"2016-03-23T09:50:39","guid":{"rendered":"https:\/\/sjrmd.wordpress.com\/?page_id=63"},"modified":"2026-02-10T13:50:07","modified_gmt":"2026-02-10T12:50:07","slug":"ueber-uns","status":"publish","type":"page","link":"https:\/\/www.sjr-magdeburg.de\/index.php\/verein\/ueber-uns\/","title":{"rendered":"\u00dcber Uns"},"content":{"rendered":"\t\t<div data-elementor-type=\"wp-page\" data-elementor-id=\"63\" class=\"elementor elementor-63\">\n\t\t\t\t<div class=\"elementor-element elementor-element-5a9745c7 e-flex e-con-boxed e-con e-parent\" data-id=\"5a9745c7\" data-element_type=\"container\" data-e-type=\"container\">\n\t\t\t\t\t<div class=\"e-con-inner\">\n\t\t\t\t<div class=\"elementor-element elementor-element-277b4c53 elementor-widget elementor-widget-text-editor\" data-id=\"277b4c53\" data-element_type=\"widget\" data-e-type=\"widget\" data-widget_type=\"text-editor.default\">\n\t\t\t\t\t\t\t\t\t<div class=\"content clearfix\"><div class=\"field field-name-body field-type-text-with-summary field-label-hidden\"><div class=\"field-items\"><div class=\"field-item even\"><hr \/><h2 align=\"left\">Wer sind wir und was wollen wir?<\/h2><p style=\"text-align: justify;\" align=\"left\"><span style=\"color: #000000;\"><strong>Der Sta<\/strong><strong>dtJuge<\/strong><strong>ndRing Magdeburg e. V.<\/strong> ist der Dachverband von Jugendverb\u00e4nden, Jugendgruppen und Jugendinitiativen in Magdeburg und vertritt Anliegen und Interessen junger Menschen in unserer Stadt. \u00a0Im Stadtjugendring spiegelt sich die Vielfalt der organisierten Jugend- und Jugendverbandsarbeit mit den unterschiedlichsten Wertorientierungen wider. Aktuell haben wir 27 Mitglieder.<\/span><\/p><p style=\"text-align: justify;\"><span style=\"color: #000000;\">Wir verstehen uns als <strong>jugendpolitische Interessenvertretung<\/strong> und Bindeglied zu \u00d6ffentlichkeit, Partner*innen, Parlamenten, Beh\u00f6rden, Organisationen und Institutionen. Der StadtJugendRing sieht sich auch als Sprach\u00adrohr und Anwalt der Ju\u00adgend\u00adar\u00adbeit in der Stadt Magdeburg. Die Eigenst\u00e4ndigkeit und die demokratischen Strukturen unserer Mitgliedsorganisationen haben Priorit\u00e4t. Zu den wichtigsten Wesensmerkmalen unserer Arbeit z\u00e4hlen F\u00f6rderung und Erhalt von Selbstbestimmung, Selbstorganisation, Gemeinschaftssinn, demokratischer Mitverantwortung und sozialem Engagement.<\/span><\/p><div style=\"text-align: justify;\"><p><span style=\"color: #000000;\">Wir wenden uns gegen faschistische Tendenzen und treten f\u00fcr eine pluralistische und freie Gesellschaft ein, in der alle Menschen die gleichen Chancen bekommen, ihre Angelegenheiten selbst zu bestimmen. Wir stehen f\u00fcr das interkulturelle Zusammenleben aller Menschen unter der Bedingung der gegenseitigen Anerkennung und Wertsch\u00e4tzung; unabh\u00e4ngig von Geschlecht, sexueller Ausrichtung, Herkunft, Nationalit\u00e4t, Religion oder Weltanschauung.<\/span><\/p><p><span style=\"color: #000000;\">Eine Grundlage unserer Arbeit ist die Auseinandersetzung mit anderen Kulturen und Gesellschaftsordnungen. Wir ber\u00fccksichtigen die sich daraus ergebenden unterschiedlichen Lebenslagen des Einzelnen.<\/span><\/p><\/div><div style=\"text-align: justify;\"><span style=\"color: #000000;\">Die Aufgaben des StadtJugendRing sind verankert in der <a style=\"color: #000000;\" href=\"https:\/\/www.sjr-magdeburg.de\/wp-content\/uploads\/2017\/02\/SATZUNG_SJR-MD.pdf\">Satzung<\/a> des gemein\u00adn\u00fctzigen ein\u00adge\u00adtragenen Vereins.<\/span><\/div><\/div><\/div><\/div><\/div>\t\t\t\t\t\t\t\t<\/div>\n\t\t\t\t\t<\/div>\n\t\t\t\t<\/div>\n\t\t\t\t<\/div>\n\t\t","protected":false},"excerpt":{"rendered":"<p>Wer sind wir und was wollen wir?Der StadtJugendRing Magdeburg e. V. ist der Dachverband von Jugendverb\u00e4nden, Jugendgruppen und Jugendinitiativen in Magdeburg und vertritt Anliegen und Interessen junger Menschen in unserer Stadt. \u00a0Im Stadtjugendring spiegelt sich die Vielfalt der organisierten Jugend- &hellip; <a href=\"https:\/\/www.sjr-magdeburg.de\/index.php\/verein\/ueber-uns\/\">Weiterlesen <span class=\"meta-nav\">&rarr;<\/span><\/a><\/p>\n","protected":false},"author":1,"featured_media":0,"parent":56,"menu_order":0,"comment_status":"closed","ping_status":"closed","template":"sidebar-page.php","meta":{"footnotes":""},"class_list":["post-63","page","type-page","status-publish","hentry"],"_links":{"self":[{"href":"https:\/\/www.sjr-magdeburg.de\/index.php\/wp-json\/wp\/v2\/pages\/63","targetHints":{"allow":["GET"]}}],"collection":[{"href":"https:\/\/www.sjr-magdeburg.de\/index.php\/wp-json\/wp\/v2\/pages"}],"about":[{"href":"https:\/\/www.sjr-magdeburg.de\/index.php\/wp-json\/wp\/v2\/types\/page"}],"author":[{"embeddable":true,"href":"https:\/\/www.sjr-magdeburg.de\/index.php\/wp-json\/wp\/v2\/users\/1"}],"replies":[{"embeddable":true,"href":"https:\/\/www.sjr-magdeburg.de\/index.php\/wp-json\/wp\/v2\/comments?post=63"}],"version-history":[{"count":12,"href":"https:\/\/www.sjr-magdeburg.de\/index.php\/wp-json\/wp\/v2\/pages\/63\/revisions"}],"predecessor-version":[{"id":2300,"href":"https:\/\/www.sjr-magdeburg.de\/index.php\/wp-json\/wp\/v2\/pages\/63\/revisions\/2300"}],"up":[{"embeddable":true,"href":"https:\/\/www.sjr-magdeburg.de\/index.php\/wp-json\/wp\/v2\/pages\/56"}],"wp:attachment":[{"href":"https:\/\/www.sjr-magdeburg.de\/index.php\/wp-json\/wp\/v2\/media?parent=63"}],"curies":[{"name":"wp","href":"https:\/\/api.w.org\/{rel}","templated":true}]}}