{"id":460,"date":"2017-03-31T19:32:32","date_gmt":"2017-03-31T17:32:32","guid":{"rendered":"http:\/\/www.sjr-magdeburg.de\/?page_id=460"},"modified":"2025-09-24T14:25:05","modified_gmt":"2025-09-24T12:25:05","slug":"impressum","status":"publish","type":"page","link":"https:\/\/www.sjr-magdeburg.de\/index.php\/impressum\/","title":{"rendered":"Impressum"},"content":{"rendered":"\n<div class=\"wp-block-group\"><div class=\"wp-block-group__inner-container is-layout-flow wp-block-group-is-layout-flow\">\n<div class=\"wp-block-group\"><div class=\"wp-block-group__inner-container is-layout-flow wp-block-group-is-layout-flow\">\n<p>Dieses Impressum besitzt ebenfalls G\u00fcltigkeit f\u00fcr die Profile des StadtJugendRingMagdeburg e.V., auf folgenden sozialen Netzwerken:<\/p>\n\n\n\n<p>Facebook, Twitter, Google+, mailchimp, youtube<\/p>\n<\/div><\/div>\n<\/div><\/div>\n\n\n\n<hr class=\"wp-block-separator has-css-opacity\"\/>\n\n\n\n<p><strong>Angaben gem\u00e4\u00df \u00a75 TMG<\/strong><\/p>\n\n\n\n<p>StadtJugendRing Magdeburg e.V.<\/p>\n\n\n\n<p><br>Leibnizstra\u00dfe 25<br>39104 Magdeburg<br>Telefon: 0391\/ 58239191<br>E-Mail: &#105;&#x6e;&#102;&#x6f;&#64;&#x73;j&#x72;-&#x6d;a&#x67;d&#x65;b&#x75;r&#x67;.&#x64;e<br>Internet: www.sjr-magdeburg.de<\/p>\n\n\n\n<hr class=\"wp-block-separator has-css-opacity\"\/>\n\n\n\n<p><strong>Vertretungsberechtigte Personen:<\/strong><\/p>\n\n\n\n<p>Julia K\u00f6ster<br>Leibnizstra\u00dfe 25<br>39104 Magdeburg<\/p>\n\n\n\n<hr class=\"wp-block-separator has-css-opacity\"\/>\n\n\n\n<p><strong>Vereinsregister:<\/strong><\/p>\n\n\n\n<p>Registergericht: Amtsgericht Stendal<br>Registernummer: VR 10788<\/p>\n\n\n\n<hr class=\"wp-block-separator has-css-opacity\"\/>\n\n\n\n<p>verantwortlich nach <strong>\u00a7 18 Abs. 2 MStV<\/strong><\/p>\n\n\n\n<p>Julia K\u00f6ster<br>Leibnizstra\u00dfe 25<br>39104 Magdeburg<\/p>\n\n\n\n<hr class=\"wp-block-separator has-css-opacity\"\/>\n\n\n\n<p><strong>Haftungshinweis\/Haftungsausschluss<\/strong><b>:<\/b><\/p>\n\n\n\n<p>Die auf diesen Seiten vorhandenen Links zu fremden Anbietern wurden nach bestem Wissen und Gewissen erstellt. Dabei wurde auf die Vertrauensw\u00fcrdigkeit der jeweiligen Anbieter geachtet. Eine Einzelfallpr\u00fcfung s\u00e4mtlicher Inhalte ist nicht in jedem Fall m\u00f6glich. Wir distanzieren uns daher ausdr\u00fccklich von allen Inhalten s\u00e4mtlicher gelinkter Seiten und machen uns fremde Inhalte nicht zu eigen. F\u00fcr den Inhalt der verlinkten Seiten sind ausschlie\u00dflich deren Betreiber verantwortlich. Wir bitten die Leserinnen und Leser, uns umgehend auf etwaige rechtswidrige Inhalte der gelinkten Seiten aufmerksam zu machen.<\/p>\n\n\n\n<p>Eine Haftung f\u00fcr Sch\u00e4den, die aus unrichtigen oder fehlenden Angaben in diesem Internet-Angebot entstanden sind, ist ausgeschlossen.<\/p>\n\n\n\n<hr class=\"wp-block-separator has-css-opacity\"\/>\n\n\n\n<p><strong>DATENSCHUTZERKL\u00c4RUNG:<\/strong><\/p>\n\n\n\n<hr class=\"wp-block-separator has-css-opacity\"\/>\n\n\n\n<figure class=\"wp-block-embed-wordpress wp-block-embed is-type-wp-embed is-provider-stadtjugendring-magdeburg-e-v\"><div class=\"wp-block-embed__wrapper\">\n<blockquote class=\"wp-embedded-content\" data-secret=\"52UPbVVtos\"><a href=\"https:\/\/www.sjr-magdeburg.de\/index.php\/kontakt\/datenschutzerklaerung\/\">Datenschutzerkl\u00e4rung<\/a><\/blockquote><iframe class=\"wp-embedded-content\" sandbox=\"allow-scripts\" security=\"restricted\" style=\"position: absolute; visibility: hidden;\" title=\"&#8222;Datenschutzerkl\u00e4rung&#8220; &#8212; StadtJugendRing Magdeburg .\" src=\"https:\/\/www.sjr-magdeburg.de\/index.php\/kontakt\/datenschutzerklaerung\/embed\/#?secret=1naiCrKGY8#?secret=52UPbVVtos\" data-secret=\"52UPbVVtos\" width=\"584\" height=\"329\" frameborder=\"0\" marginwidth=\"0\" marginheight=\"0\" scrolling=\"no\"><\/iframe>\n<\/div><\/figure>\n","protected":false},"excerpt":{"rendered":"<p>Dieses Impressum besitzt ebenfalls G\u00fcltigkeit f\u00fcr die Profile des StadtJugendRingMagdeburg e.V., auf folgenden sozialen Netzwerken: Facebook, Twitter, Google+, mailchimp, youtube Angaben gem\u00e4\u00df \u00a75 TMG StadtJugendRing Magdeburg e.V. Leibnizstra\u00dfe 2539104 MagdeburgTelefon: 0391\/ 58239191E-Mail: inf&#111;&#64;&#x73;&#x6a;&#x72;&#x2d;mag&#100;&#101;&#x62;&#x75;&#x72;&#x67;.deInternet: www.sjr-magdeburg.de Vertretungsberechtigte Personen: Julia K\u00f6sterLeibnizstra\u00dfe 2539104 Magdeburg &hellip; <a href=\"https:\/\/www.sjr-magdeburg.de\/index.php\/impressum\/\">Weiterlesen <span class=\"meta-nav\">&rarr;<\/span><\/a><\/p>\n","protected":false},"author":1,"featured_media":0,"parent":0,"menu_order":0,"comment_status":"closed","ping_status":"closed","template":"","meta":{"footnotes":""},"class_list":["post-460","page","type-page","status-publish","hentry"],"_links":{"self":[{"href":"https:\/\/www.sjr-magdeburg.de\/index.php\/wp-json\/wp\/v2\/pages\/460","targetHints":{"allow":["GET"]}}],"collection":[{"href":"https:\/\/www.sjr-magdeburg.de\/index.php\/wp-json\/wp\/v2\/pages"}],"about":[{"href":"https:\/\/www.sjr-magdeburg.de\/index.php\/wp-json\/wp\/v2\/types\/page"}],"author":[{"embeddable":true,"href":"https:\/\/www.sjr-magdeburg.de\/index.php\/wp-json\/wp\/v2\/users\/1"}],"replies":[{"embeddable":true,"href":"https:\/\/www.sjr-magdeburg.de\/index.php\/wp-json\/wp\/v2\/comments?post=460"}],"version-history":[{"count":17,"href":"https:\/\/www.sjr-magdeburg.de\/index.php\/wp-json\/wp\/v2\/pages\/460\/revisions"}],"predecessor-version":[{"id":2159,"href":"https:\/\/www.sjr-magdeburg.de\/index.php\/wp-json\/wp\/v2\/pages\/460\/revisions\/2159"}],"wp:attachment":[{"href":"https:\/\/www.sjr-magdeburg.de\/index.php\/wp-json\/wp\/v2\/media?parent=460"}],"curies":[{"name":"wp","href":"https:\/\/api.w.org\/{rel}","templated":true}]}}