{"id":2382,"date":"2026-02-26T18:11:05","date_gmt":"2026-02-26T17:11:05","guid":{"rendered":"https:\/\/www.sjr-magdeburg.de\/?page_id=2382"},"modified":"2026-02-26T18:18:58","modified_gmt":"2026-02-26T17:18:58","slug":"jugendkonferenz-2026","status":"publish","type":"page","link":"https:\/\/www.sjr-magdeburg.de\/index.php\/jugendkonferenz-2026\/","title":{"rendered":"Jugendkonferenz 2026"},"content":{"rendered":"\t\t<div data-elementor-type=\"wp-page\" data-elementor-id=\"2382\" class=\"elementor elementor-2382\">\n\t\t\t\t<div class=\"elementor-element elementor-element-eedaab0 e-flex e-con-boxed e-con e-parent\" data-id=\"eedaab0\" data-element_type=\"container\" data-e-type=\"container\">\n\t\t\t\t\t<div class=\"e-con-inner\">\n\t\t\t\t<div class=\"elementor-element elementor-element-16e5522 elementor-widget elementor-widget-heading\" data-id=\"16e5522\" data-element_type=\"widget\" data-e-type=\"widget\" data-widget_type=\"heading.default\">\n\t\t\t\t\t<h2 class=\"elementor-heading-title elementor-size-default\">Hey du! Lass' mal reden. Jugendkonferenz Magdeburg 2026<\/h2>\t\t\t\t<\/div>\n\t\t\t\t\t<\/div>\n\t\t\t\t<\/div>\n\t\t<div class=\"elementor-element elementor-element-9cae1e5 e-flex e-con-boxed e-con e-parent\" data-id=\"9cae1e5\" data-element_type=\"container\" data-e-type=\"container\">\n\t\t\t\t\t<div class=\"e-con-inner\">\n\t\t\t\t<div class=\"elementor-element elementor-element-e8307d6 elementor-widget elementor-widget-text-editor\" data-id=\"e8307d6\" data-element_type=\"widget\" data-e-type=\"widget\" data-widget_type=\"text-editor.default\">\n\t\t\t\t\t\t\t\t\t<p><strong>AUFRUF: Umfrage ausf\u00fcllen &amp; Unterst\u00fctzung Planungsgruppe<\/strong><\/p><p>Wir finden, junge Stimmen in Magdeburg sollen mehr geh\u00f6rt werden! Lass uns eine Jugendkonferenz veranstalten &#8211; zum reden, lachen und laut sein. Kein Stundenplan, kein erhobener Zeigefinger. Nur deine Themen. Es geht um deine Zukunft und darum, was dich wirklich bewegt. \ud83e\udd1d Du bist zwischen 14 und 18 Jahre alt und hast Lust, die Jugendkonferenz mit zu planen und deine Ideen einzubringen? <br \/>\ud83d\udde3\ufe0f Dann nimm dir zwei Minuten f\u00fcr die Umfrage oder komm in die Planungsgruppe! \ud83d\udc49<a href=\"https:\/\/demokratie-magdeburg.de\/jugendkonferenz\"> https:\/\/demokratie-magdeburg.de\/jugendkonferenz<\/a><\/p><p>Hast du noch Fragen? Meld dich gern bei uns per Mail info(at)sjr-magdeburg.de oder per DM auf Instagram!<\/p>\t\t\t\t\t\t\t\t<\/div>\n\t\t\t\t\t<\/div>\n\t\t\t\t<\/div>\n\t\t<div class=\"elementor-element elementor-element-dfbcbf5 e-flex e-con-boxed e-con e-parent\" data-id=\"dfbcbf5\" data-element_type=\"container\" data-e-type=\"container\">\n\t\t\t\t\t<div class=\"e-con-inner\">\n\t\t\t\t<div class=\"elementor-element elementor-element-fd15aae elementor-widget elementor-widget-image\" data-id=\"fd15aae\" data-element_type=\"widget\" data-e-type=\"widget\" data-widget_type=\"image.default\">\n\t\t\t\t\t\t\t\t\t\t\t\t\t\t\t<img fetchpriority=\"high\" decoding=\"async\" width=\"584\" height=\"826\" src=\"https:\/\/www.sjr-magdeburg.de\/wp-content\/uploads\/2026\/02\/JuKo_Planungsgruppe_Bewerbung-724x1024.jpg\" class=\"attachment-large size-large wp-image-2387\" alt=\"\" srcset=\"https:\/\/www.sjr-magdeburg.de\/wp-content\/uploads\/2026\/02\/JuKo_Planungsgruppe_Bewerbung-724x1024.jpg 724w, https:\/\/www.sjr-magdeburg.de\/wp-content\/uploads\/2026\/02\/JuKo_Planungsgruppe_Bewerbung-212x300.jpg 212w, https:\/\/www.sjr-magdeburg.de\/wp-content\/uploads\/2026\/02\/JuKo_Planungsgruppe_Bewerbung-768x1086.jpg 768w, https:\/\/www.sjr-magdeburg.de\/wp-content\/uploads\/2026\/02\/JuKo_Planungsgruppe_Bewerbung-1086x1536.jpg 1086w, https:\/\/www.sjr-magdeburg.de\/wp-content\/uploads\/2026\/02\/JuKo_Planungsgruppe_Bewerbung.jpg 1414w\" sizes=\"(max-width: 584px) 100vw, 584px\" \/>\t\t\t\t\t\t\t\t\t\t\t\t\t\t\t<\/div>\n\t\t\t\t\t<\/div>\n\t\t\t\t<\/div>\n\t\t\t\t<\/div>\n\t\t","protected":false},"excerpt":{"rendered":"<p>Hey du! Lass&#8216; mal reden. Jugendkonferenz Magdeburg 2026 AUFRUF: Umfrage ausf\u00fcllen &amp; Unterst\u00fctzung PlanungsgruppeWir finden, junge Stimmen in Magdeburg sollen mehr geh\u00f6rt werden! Lass uns eine Jugendkonferenz veranstalten &#8211; zum reden, lachen und laut sein. Kein Stundenplan, kein erhobener Zeigefinger. &hellip; <a href=\"https:\/\/www.sjr-magdeburg.de\/index.php\/jugendkonferenz-2026\/\">Weiterlesen <span class=\"meta-nav\">&rarr;<\/span><\/a><\/p>\n","protected":false},"author":1,"featured_media":0,"parent":0,"menu_order":0,"comment_status":"closed","ping_status":"closed","template":"","meta":{"footnotes":""},"class_list":["post-2382","page","type-page","status-publish","hentry"],"_links":{"self":[{"href":"https:\/\/www.sjr-magdeburg.de\/index.php\/wp-json\/wp\/v2\/pages\/2382","targetHints":{"allow":["GET"]}}],"collection":[{"href":"https:\/\/www.sjr-magdeburg.de\/index.php\/wp-json\/wp\/v2\/pages"}],"about":[{"href":"https:\/\/www.sjr-magdeburg.de\/index.php\/wp-json\/wp\/v2\/types\/page"}],"author":[{"embeddable":true,"href":"https:\/\/www.sjr-magdeburg.de\/index.php\/wp-json\/wp\/v2\/users\/1"}],"replies":[{"embeddable":true,"href":"https:\/\/www.sjr-magdeburg.de\/index.php\/wp-json\/wp\/v2\/comments?post=2382"}],"version-history":[{"count":7,"href":"https:\/\/www.sjr-magdeburg.de\/index.php\/wp-json\/wp\/v2\/pages\/2382\/revisions"}],"predecessor-version":[{"id":2394,"href":"https:\/\/www.sjr-magdeburg.de\/index.php\/wp-json\/wp\/v2\/pages\/2382\/revisions\/2394"}],"wp:attachment":[{"href":"https:\/\/www.sjr-magdeburg.de\/index.php\/wp-json\/wp\/v2\/media?parent=2382"}],"curies":[{"name":"wp","href":"https:\/\/api.w.org\/{rel}","templated":true}]}}