{"id":2321,"date":"2026-02-10T16:12:10","date_gmt":"2026-02-10T15:12:10","guid":{"rendered":"https:\/\/www.sjr-magdeburg.de\/?page_id=2321"},"modified":"2026-02-10T21:28:05","modified_gmt":"2026-02-10T20:28:05","slug":"jugendhilfeausschuss","status":"publish","type":"page","link":"https:\/\/www.sjr-magdeburg.de\/index.php\/jugendhilfeausschuss\/","title":{"rendered":"Jugendhilfeausschuss"},"content":{"rendered":"\t\t<div data-elementor-type=\"wp-page\" data-elementor-id=\"2321\" class=\"elementor elementor-2321\">\n\t\t\t\t<div class=\"elementor-element elementor-element-5f5aabc e-flex e-con-boxed e-con e-parent\" data-id=\"5f5aabc\" data-element_type=\"container\" data-e-type=\"container\">\n\t\t\t\t\t<div class=\"e-con-inner\">\n\t\t\t\t<div class=\"elementor-element elementor-element-cf571c2 elementor-widget elementor-widget-heading\" data-id=\"cf571c2\" data-element_type=\"widget\" data-e-type=\"widget\" data-widget_type=\"heading.default\">\n\t\t\t\t\t<h2 class=\"elementor-heading-title elementor-size-default\">Jugendhilfeausschuss <\/h2>\t\t\t\t<\/div>\n\t\t\t\t\t<\/div>\n\t\t\t\t<\/div>\n\t\t<div class=\"elementor-element elementor-element-34f97fc e-flex e-con-boxed e-con e-parent\" data-id=\"34f97fc\" data-element_type=\"container\" data-e-type=\"container\">\n\t\t\t\t\t<div class=\"e-con-inner\">\n\t\t\t\t<div class=\"elementor-element elementor-element-abe1a70 elementor-widget elementor-widget-text-editor\" data-id=\"abe1a70\" data-element_type=\"widget\" data-e-type=\"widget\" data-widget_type=\"text-editor.default\">\n\t\t\t\t\t\t\t\t\t<p>Der Jugendhilfeausschuss ist ein beschlie\u00dfender Ausschuss im Sinn der Gemeindeordnung. Die Zust\u00e4ndigkeit und die Aufgaben des Jugendhilfeausschusses\u00a0sind im \u00a7\u00a04 Absatz\u00a0der Satzung des Jugendamtes der Landeshauptstadt Magdeburg.\u00a0Der Jugendhilfeausschuss ber\u00e4t die Verwaltung und entscheidet beispielsweise in Planungsfragen. Er ist mit Fachleuten aus Politik und Praxis besetzt und\u00a0 befasst sich insbesondere mit:<\/p><ul class=\" ikiss-unordered-list\"><li>der Er\u00f6rterung aktueller Problemlagen junger Menschen und ihrer Familien\u00a0sowie mit Anregungen und Vorschl\u00e4gen f\u00fcr die Weiterentwicklung der Jugendhilfe,<\/li><li>der Jugendhilfeplanung und<\/li><li>der F\u00f6rderung der freien Jugendhilfe.<\/li><\/ul><p>Der Jugendhilfeausschuss soll vor jeder Beschlussfassung des Stadtrates in Fragen der Jugendhilfe geh\u00f6rt werden. Er hat das Recht, an den Stadtrat Antr\u00e4ge zu stellen und ist zur Vorbereitung des Haushaltes zu h\u00f6ren. Er hat Beschlussrecht in den Angelegenheiten der Jugendhilfe im Rahmen der\u00a0 vom Stadtrat bereitgestellten Mittel, der erlassenen Satzungen und der vom ihm gefassten Beschl\u00fcsse.<\/p><p>Der Jugendhilfeausschuss bildet einen st\u00e4ndigen Unterausschuss f\u00fcr die Jugendhilfeplanung, die aus der Mitte seiner beschlie\u00dfenden Mitglieder w\u00e4hlt. Der Unterausschuss\u00a0Jugendhilfeplanung bereitet Themen und Beschlussfassung f\u00fcr den Jugendhilfeausschuss vor.<\/p><p>Der StadtJugendRing Magdeburg e.V. ist (Stand 2026) beratendes Mitglied im Jugendhilfeausschuss und stimmberechtigtes Mitglied im Unterausschuss Jugendhilfeplanung.<\/p><p>Mehr Infos zu den einzelnen Sitzungen und den Mitgliedern findest du <a href=\"https:\/\/ratsinfo.magdeburg.de\/kp0040.asp?__kgrnr=16&amp;\">hier.<\/a><\/p>\t\t\t\t\t\t\t\t<\/div>\n\t\t\t\t\t<\/div>\n\t\t\t\t<\/div>\n\t\t\t\t<\/div>\n\t\t","protected":false},"excerpt":{"rendered":"<p>Jugendhilfeausschuss Der Jugendhilfeausschuss ist ein beschlie\u00dfender Ausschuss im Sinn der Gemeindeordnung. Die Zust\u00e4ndigkeit und die Aufgaben des Jugendhilfeausschusses\u00a0sind im \u00a7\u00a04 Absatz\u00a0der Satzung des Jugendamtes der Landeshauptstadt Magdeburg.\u00a0Der Jugendhilfeausschuss ber\u00e4t die Verwaltung und entscheidet beispielsweise in Planungsfragen. Er ist mit Fachleuten &hellip; <a href=\"https:\/\/www.sjr-magdeburg.de\/index.php\/jugendhilfeausschuss\/\">Weiterlesen <span class=\"meta-nav\">&rarr;<\/span><\/a><\/p>\n","protected":false},"author":1,"featured_media":0,"parent":0,"menu_order":0,"comment_status":"closed","ping_status":"closed","template":"","meta":{"footnotes":""},"class_list":["post-2321","page","type-page","status-publish","hentry"],"_links":{"self":[{"href":"https:\/\/www.sjr-magdeburg.de\/index.php\/wp-json\/wp\/v2\/pages\/2321","targetHints":{"allow":["GET"]}}],"collection":[{"href":"https:\/\/www.sjr-magdeburg.de\/index.php\/wp-json\/wp\/v2\/pages"}],"about":[{"href":"https:\/\/www.sjr-magdeburg.de\/index.php\/wp-json\/wp\/v2\/types\/page"}],"author":[{"embeddable":true,"href":"https:\/\/www.sjr-magdeburg.de\/index.php\/wp-json\/wp\/v2\/users\/1"}],"replies":[{"embeddable":true,"href":"https:\/\/www.sjr-magdeburg.de\/index.php\/wp-json\/wp\/v2\/comments?post=2321"}],"version-history":[{"count":10,"href":"https:\/\/www.sjr-magdeburg.de\/index.php\/wp-json\/wp\/v2\/pages\/2321\/revisions"}],"predecessor-version":[{"id":2339,"href":"https:\/\/www.sjr-magdeburg.de\/index.php\/wp-json\/wp\/v2\/pages\/2321\/revisions\/2339"}],"wp:attachment":[{"href":"https:\/\/www.sjr-magdeburg.de\/index.php\/wp-json\/wp\/v2\/media?parent=2321"}],"curies":[{"name":"wp","href":"https:\/\/api.w.org\/{rel}","templated":true}]}}