{"id":2093,"date":"2025-08-22T14:06:23","date_gmt":"2025-08-22T12:06:23","guid":{"rendered":"https:\/\/www.sjr-magdeburg.de\/?page_id=2093"},"modified":"2025-08-22T15:02:23","modified_gmt":"2025-08-22T13:02:23","slug":"interkulturelle-wochen-magdeburg","status":"publish","type":"page","link":"https:\/\/www.sjr-magdeburg.de\/index.php\/interkulturelle-wochen-magdeburg\/","title":{"rendered":"Interkulturelle Wochen Magdeburg"},"content":{"rendered":"\t\t<div data-elementor-type=\"wp-page\" data-elementor-id=\"2093\" class=\"elementor elementor-2093\">\n\t\t\t\t<div class=\"elementor-element elementor-element-704a3d7 e-flex e-con-boxed e-con e-parent\" data-id=\"704a3d7\" data-element_type=\"container\" data-e-type=\"container\">\n\t\t\t\t\t<div class=\"e-con-inner\">\n\t\t\t\t<div class=\"elementor-element elementor-element-d4043fa elementor-widget elementor-widget-heading\" data-id=\"d4043fa\" data-element_type=\"widget\" data-e-type=\"widget\" data-widget_type=\"heading.default\">\n\t\t\t\t\t<h2 class=\"elementor-heading-title elementor-size-default\">Interkulturelle Wochen Magdeburg<\/h2>\t\t\t\t<\/div>\n\t\t\t\t\t<\/div>\n\t\t\t\t<\/div>\n\t\t<div class=\"elementor-element elementor-element-a10888b e-flex e-con-boxed e-con e-parent\" data-id=\"a10888b\" data-element_type=\"container\" data-e-type=\"container\">\n\t\t\t\t\t<div class=\"e-con-inner\">\n\t\t\t\t<div class=\"elementor-element elementor-element-530424b elementor-widget elementor-widget-image\" data-id=\"530424b\" data-element_type=\"widget\" data-e-type=\"widget\" data-widget_type=\"image.default\">\n\t\t\t\t\t\t\t\t\t\t\t\t\t\t\t<img fetchpriority=\"high\" decoding=\"async\" width=\"584\" height=\"117\" src=\"https:\/\/www.sjr-magdeburg.de\/wp-content\/uploads\/2025\/08\/Logoleiste-2-IKW-2025-1024x205.png\" class=\"attachment-large size-large wp-image-2113\" alt=\"\" srcset=\"https:\/\/www.sjr-magdeburg.de\/wp-content\/uploads\/2025\/08\/Logoleiste-2-IKW-2025-1024x205.png 1024w, https:\/\/www.sjr-magdeburg.de\/wp-content\/uploads\/2025\/08\/Logoleiste-2-IKW-2025-300x60.png 300w, https:\/\/www.sjr-magdeburg.de\/wp-content\/uploads\/2025\/08\/Logoleiste-2-IKW-2025-768x154.png 768w, https:\/\/www.sjr-magdeburg.de\/wp-content\/uploads\/2025\/08\/Logoleiste-2-IKW-2025-1536x307.png 1536w, https:\/\/www.sjr-magdeburg.de\/wp-content\/uploads\/2025\/08\/Logoleiste-2-IKW-2025-500x100.png 500w, https:\/\/www.sjr-magdeburg.de\/wp-content\/uploads\/2025\/08\/Logoleiste-2-IKW-2025.png 2000w\" sizes=\"(max-width: 584px) 100vw, 584px\" \/>\t\t\t\t\t\t\t\t\t\t\t\t\t\t\t<\/div>\n\t\t\t\t\t<\/div>\n\t\t\t\t<\/div>\n\t\t<div class=\"elementor-element elementor-element-7ee869c e-flex e-con-boxed e-con e-parent\" data-id=\"7ee869c\" data-element_type=\"container\" data-e-type=\"container\">\n\t\t\t\t\t<div class=\"e-con-inner\">\n\t\t\t\t<div class=\"elementor-element elementor-element-fffb2e5 elementor-widget elementor-widget-text-editor\" data-id=\"fffb2e5\" data-element_type=\"widget\" data-e-type=\"widget\" data-widget_type=\"text-editor.default\">\n\t\t\t\t\t\t\t\t\t<div id=\"cc-m-12972698549\" class=\"j-module n j-hgrid \"><div class=\"cc-m-hgrid-column last\"><div id=\"cc-matrix-3633392949\"><div id=\"cc-m-12972700849\" class=\"j-module n j-text \"><p><span style=\"color: #000000;\"><strong>Interkulturelle Woche in Magdeburg\u00a0<\/strong><\/span><\/p><p><span style=\"color: #000000;\">Die Interkulturelle Woche (IKW) ist eine bundesweite Initiative, die auch in Magdeburg seit 1997 j\u00e4hrlich Ende September durchgef\u00fchrt wird.<\/span><\/p><p><span style=\"color: #000000;\">In diesem Jahr lautet das bundesweite Kampagnenmotto &#8222;Daf\u00fcr!&#8220;. Organisationen in Magdeburg sind aufgerufen, sich mit einem eigenen Beitrag zu beteiligen. Vereine, (Hoch)schulen, Religionsgemeinschaften, Beratungsstellen, Gewerkschaften, Stadtviertel und Unternehmen\u00a0sind aufgerufen, sich zwischen dem 20. September und 04. Oktober 2025 zu beteiligen.<\/span><\/p><\/div><\/div><\/div><\/div><div id=\"cc-m-12972715049\" class=\"j-module n j-hgrid \"><div class=\"cc-m-hgrid-column last\"><div id=\"cc-matrix-3633399949\"><div id=\"cc-m-12972715149\" class=\"j-module n j-text \"><p><span style=\"color: #000000;\"><strong>Organisation, Kooperation, Finanzierung<\/strong><\/span><\/p><p><span style=\"color: #000000;\">Die regionale Umsetzung der bundesweiten Aktionswoche geschieht unter Federf\u00fchrung der <a style=\"color: #000000;\" title=\"www.agsa.de\" href=\"http:\/\/www.agsa.de\" target=\"_blank\" rel=\"noopener\">Auslandsgesellschaft Sachsen-Anhalt e.V. (AGSA)<\/a>\u00a0Finanzielle Unterst\u00fctzung erfahren die\u00a0Interkulturellen Wochen\u00a0durch das Land Sachsen-Anhalt und die Stadt Magdeburg.\u00a0<\/span><\/p><p><span style=\"color: #000000;\">Die Interkulturellen Wochen werden durch zahlreichen engagierten Akteur*innen in der Stadtgesellschaft getragen und unterst\u00fctzt, so z.B. die vielen Vereine und Organisationen im Integrationsnetzwerk Magdeburg sowie von dem Beirat f\u00fcr Integration und Migration der LH Magdeburg. Ein weiterer Kooperationspartner ist die <a style=\"color: #000000;\" title=\"https:\/\/www.lkj-lsa.de\/\" href=\"https:\/\/www.lkj-lsa.de\/\" target=\"_blank\" rel=\"noopener\">.)lkj Sachsen-Anhalt e.V.<\/a>, welche \u00fcber das Projekt Resonanzboden\/House of Ressources finanzielle Unterst\u00fctzung f\u00fcr die Umsetzung der Projekte und Aktionen bietet. Au\u00dferdem ist das Programm den Projekten der beteiligten Akteure und einer Menge ehrenamtlichem Engagement zu verdanken.\u00a0<\/span><\/p><p><span style=\"color: #000000;\">Bundesweit wird die <a style=\"color: #000000;\" title=\"https:\/\/www.interkulturellewoche.de\/\" href=\"https:\/\/www.interkulturellewoche.de\/\" target=\"_blank\" rel=\"noopener\">Interkulturelle Woche<\/a> vom \u00d6kumenischen Vorbereitungsausschuss zur Interkulturellen Woche (\u00d6VA) koordiniert.<\/span><\/p><\/div><\/div><\/div><\/div>\t\t\t\t\t\t\t\t<\/div>\n\t\t\t\t\t<\/div>\n\t\t\t\t<\/div>\n\t\t<div class=\"elementor-element elementor-element-1a0e2fe e-flex e-con-boxed e-con e-parent\" data-id=\"1a0e2fe\" data-element_type=\"container\" data-e-type=\"container\">\n\t\t\t\t\t<div class=\"e-con-inner\">\n\t\t\t\t<div class=\"elementor-element elementor-element-7bef225 elementor-widget elementor-widget-image\" data-id=\"7bef225\" data-element_type=\"widget\" data-e-type=\"widget\" data-widget_type=\"image.default\">\n\t\t\t\t\t\t\t\t\t\t\t\t\t\t\t<img decoding=\"async\" width=\"584\" height=\"329\" src=\"https:\/\/www.sjr-magdeburg.de\/wp-content\/uploads\/2024\/10\/Design-ohne-Titel2-1024x576.png\" class=\"attachment-large size-large wp-image-1699\" alt=\"\" srcset=\"https:\/\/www.sjr-magdeburg.de\/wp-content\/uploads\/2024\/10\/Design-ohne-Titel2-1024x576.png 1024w, https:\/\/www.sjr-magdeburg.de\/wp-content\/uploads\/2024\/10\/Design-ohne-Titel2-300x169.png 300w, https:\/\/www.sjr-magdeburg.de\/wp-content\/uploads\/2024\/10\/Design-ohne-Titel2-768x432.png 768w, https:\/\/www.sjr-magdeburg.de\/wp-content\/uploads\/2024\/10\/Design-ohne-Titel2-1536x864.png 1536w, https:\/\/www.sjr-magdeburg.de\/wp-content\/uploads\/2024\/10\/Design-ohne-Titel2-500x281.png 500w, https:\/\/www.sjr-magdeburg.de\/wp-content\/uploads\/2024\/10\/Design-ohne-Titel2.png 2048w\" sizes=\"(max-width: 584px) 100vw, 584px\" \/>\t\t\t\t\t\t\t\t\t\t\t\t\t\t\t<\/div>\n\t\t\t\t<div class=\"elementor-element elementor-element-129457c elementor-widget elementor-widget-text-editor\" data-id=\"129457c\" data-element_type=\"widget\" data-e-type=\"widget\" data-widget_type=\"text-editor.default\">\n\t\t\t\t\t\t\t\t\t<p><span style=\"color: #000000;\"><span style=\"color: #800000;\">Der StadtJugendRing Magdeburg e.V. begr\u00fc\u00dft und unterst\u00fctzt die Interkulturellen Wochen in Magdeburg sehr.<\/span> Vielfalt ist ein wichtiger Bestandteil unserer Stadtgesellschaft und muss auch so gelebt und weitergetragen werden. Gerade junge Menschen sollen in einem Umfeld aufwachsen, welches das respektvolle und tolerante Miteinander unterst\u00fctzt. In diesem Sinne beteiligt sich der SJR seit einigen Jahren aktiv an den Interkulturellen Wochen. So gab es beispielsweise gemeinsame kreative Aktionen mit Kooperationspartner*innen sowie auch eine K\u00fcche f\u00fcr alle, zu denen alle Menschen in der Stadt eingeladen waren. <a href=\"https:\/\/www.sjr-magdeburg.de\/index.php\/2025\/07\/23\/wege-zu-mir-wege-zu-uns-ways-to-me-ways-to-us\/\"><span style=\"color: #800000;\">In 2025 beteiligt sich der SJR mit zwei kurzen Theaterworkshops zum Thema Identit\u00e4t, Vielfalt und Begegnung.<\/span><\/a><\/span><\/p>\t\t\t\t\t\t\t\t<\/div>\n\t\t\t\t\t<\/div>\n\t\t\t\t<\/div>\n\t\t<div class=\"elementor-element elementor-element-55e0e40 e-flex e-con-boxed e-con e-parent\" data-id=\"55e0e40\" data-element_type=\"container\" data-e-type=\"container\">\n\t\t\t\t\t<div class=\"e-con-inner\">\n\t\t\t\t<div class=\"elementor-element elementor-element-91df5a8 elementor-widget elementor-widget-image\" data-id=\"91df5a8\" data-element_type=\"widget\" data-e-type=\"widget\" data-widget_type=\"image.default\">\n\t\t\t\t\t\t\t\t\t\t\t\t\t\t\t<img decoding=\"async\" width=\"584\" height=\"584\" src=\"https:\/\/www.sjr-magdeburg.de\/wp-content\/uploads\/2025\/08\/Jugend-Aktionstag-2025-2-1024x1024.png\" class=\"attachment-large size-large wp-image-2122\" alt=\"\" srcset=\"https:\/\/www.sjr-magdeburg.de\/wp-content\/uploads\/2025\/08\/Jugend-Aktionstag-2025-2-1024x1024.png 1024w, https:\/\/www.sjr-magdeburg.de\/wp-content\/uploads\/2025\/08\/Jugend-Aktionstag-2025-2-300x300.png 300w, https:\/\/www.sjr-magdeburg.de\/wp-content\/uploads\/2025\/08\/Jugend-Aktionstag-2025-2-150x150.png 150w, https:\/\/www.sjr-magdeburg.de\/wp-content\/uploads\/2025\/08\/Jugend-Aktionstag-2025-2-768x768.png 768w, https:\/\/www.sjr-magdeburg.de\/wp-content\/uploads\/2025\/08\/Jugend-Aktionstag-2025-2.png 1080w\" sizes=\"(max-width: 584px) 100vw, 584px\" \/>\t\t\t\t\t\t\t\t\t\t\t\t\t\t\t<\/div>\n\t\t\t\t\t<\/div>\n\t\t\t\t<\/div>\n\t\t\t\t<\/div>\n\t\t","protected":false},"excerpt":{"rendered":"<p>Interkulturelle Wochen Magdeburg Interkulturelle Woche in Magdeburg\u00a0Die Interkulturelle Woche (IKW) ist eine bundesweite Initiative, die auch in Magdeburg seit 1997 j\u00e4hrlich Ende September durchgef\u00fchrt wird.In diesem Jahr lautet das bundesweite Kampagnenmotto &#8222;Daf\u00fcr!&#8220;. Organisationen in Magdeburg sind aufgerufen, sich mit einem &hellip; <a href=\"https:\/\/www.sjr-magdeburg.de\/index.php\/interkulturelle-wochen-magdeburg\/\">Weiterlesen <span class=\"meta-nav\">&rarr;<\/span><\/a><\/p>\n","protected":false},"author":1,"featured_media":0,"parent":0,"menu_order":0,"comment_status":"closed","ping_status":"closed","template":"","meta":{"footnotes":""},"class_list":["post-2093","page","type-page","status-publish","hentry"],"_links":{"self":[{"href":"https:\/\/www.sjr-magdeburg.de\/index.php\/wp-json\/wp\/v2\/pages\/2093","targetHints":{"allow":["GET"]}}],"collection":[{"href":"https:\/\/www.sjr-magdeburg.de\/index.php\/wp-json\/wp\/v2\/pages"}],"about":[{"href":"https:\/\/www.sjr-magdeburg.de\/index.php\/wp-json\/wp\/v2\/types\/page"}],"author":[{"embeddable":true,"href":"https:\/\/www.sjr-magdeburg.de\/index.php\/wp-json\/wp\/v2\/users\/1"}],"replies":[{"embeddable":true,"href":"https:\/\/www.sjr-magdeburg.de\/index.php\/wp-json\/wp\/v2\/comments?post=2093"}],"version-history":[{"count":10,"href":"https:\/\/www.sjr-magdeburg.de\/index.php\/wp-json\/wp\/v2\/pages\/2093\/revisions"}],"predecessor-version":[{"id":2125,"href":"https:\/\/www.sjr-magdeburg.de\/index.php\/wp-json\/wp\/v2\/pages\/2093\/revisions\/2125"}],"wp:attachment":[{"href":"https:\/\/www.sjr-magdeburg.de\/index.php\/wp-json\/wp\/v2\/media?parent=2093"}],"curies":[{"name":"wp","href":"https:\/\/api.w.org\/{rel}","templated":true}]}}