{"id":1866,"date":"2025-07-17T14:00:00","date_gmt":"2025-07-17T12:00:00","guid":{"rendered":"https:\/\/www.sjr-magdeburg.de\/?page_id=1866"},"modified":"2025-07-17T14:06:16","modified_gmt":"2025-07-17T12:06:16","slug":"jat25-mitmachen","status":"publish","type":"page","link":"https:\/\/www.sjr-magdeburg.de\/index.php\/jat25-mitmachen\/","title":{"rendered":"JAT25 &#8211; Mitmachen"},"content":{"rendered":"\n<p>\ud83c\udf89 <strong>Mitmachen beim Jugendaktionstag 2025!<\/strong> \ud83c\udf89<\/p>\n\n\n\n<p>Ihr seid eine Jugendgruppe, ein Verband, eine Initiative oder ein Tr\u00e4ger der Kinder- und Jugendhilfe in Magdeburg? Dann seid dabei beim <strong>Jugendaktionstag am 12.09.2025<\/strong> von 15-20 Uhr in der Leiterstra\u00dfe! Wir haben Bierzeltgarnituren sowie Pavillons, die wir euch zur Verf\u00fcgung stellen k\u00f6nnen (bregenzte Kapazit\u00e4ten, also rechtzeitig anmelden).<\/p>\n\n\n\n<p><strong>Aufbau:<\/strong> ab 13 Uhr (St\u00e4nde sind f\u00fcr den Auf- und Abbau eigenverantwortlich); bitte sp\u00e4testens 14 Uhr vor Ort sein!<\/p>\n\n\n\n<p><strong>Abbau:<\/strong> fr\u00fchstens ab 19:30 Uhr, ggf. Absprachen treffen mit SJR<\/p>\n\n\n\n<p>\u27a1\ufe0f <strong>Jetzt anmelden:<\/strong><\/p>\n\n\n\n<ul class=\"wp-block-list\">\n<li>Anmeldeformular &amp; Datenschutzerkl\u00e4rung ausf\u00fcllen und zusammen per Mail an <strong>info(at)sjr-magdeburg.de<\/strong> schicken<\/li>\n<\/ul>\n\n\n\n<div class=\"wp-block-file\"><a id=\"wp-block-file--media-768307b5-af4b-4c6b-b26d-d23a2b883699\" href=\"https:\/\/www.sjr-magdeburg.de\/wp-content\/uploads\/2025\/07\/Anmeldebogen-JAT-2025-1.pdf\">Anmeldebogen JAT 2025<\/a><a href=\"https:\/\/www.sjr-magdeburg.de\/wp-content\/uploads\/2025\/07\/Anmeldebogen-JAT-2025-1.pdf\" class=\"wp-block-file__button wp-element-button\" download aria-describedby=\"wp-block-file--media-768307b5-af4b-4c6b-b26d-d23a2b883699\">Herunterladen<\/a><\/div>\n\n\n\n<div class=\"wp-block-file\"><a id=\"wp-block-file--media-d9aa3977-8691-4827-8ca1-0e372c89464f\" href=\"https:\/\/www.sjr-magdeburg.de\/wp-content\/uploads\/2025\/07\/Datenschutzerklaerung.pdf\">Datenschutzerkl\u00e4rung<\/a><a href=\"https:\/\/www.sjr-magdeburg.de\/wp-content\/uploads\/2025\/07\/Datenschutzerklaerung.pdf\" class=\"wp-block-file__button wp-element-button\" download aria-describedby=\"wp-block-file--media-d9aa3977-8691-4827-8ca1-0e372c89464f\">Herunterladen<\/a><\/div>\n\n\n\n<ul class=\"wp-block-list\">\n<li>Falls ihr f\u00fcr euer Angebot noch Materialien ben\u00f6tigt, k\u00f6nnen wir euch mit einem kleinen finanziellen Beitrag unterst\u00fctzen. Bitte schreibt dies mit ins Anmeldeformular oder mit in die Mail zur Anmeldung rein und wir besprechen dann alles weitere.<\/li>\n<\/ul>\n\n\n\n<p>Ihr habt noch Fragen? Meldet euch per Mail info(at)sjr-magdeburg.de oder auf Instagram @stadtjugendring_magdeburg<\/p>\n\n\n\n<p>Wir freuen uns auf euch! \u2728<\/p>\n\n\n\n<p><\/p>\n","protected":false},"excerpt":{"rendered":"<p>\ud83c\udf89 Mitmachen beim Jugendaktionstag 2025! \ud83c\udf89 Ihr seid eine Jugendgruppe, ein Verband, eine Initiative oder ein Tr\u00e4ger der Kinder- und Jugendhilfe in Magdeburg? Dann seid dabei beim Jugendaktionstag am 12.09.2025 von 15-20 Uhr in der Leiterstra\u00dfe! Wir haben Bierzeltgarnituren sowie &hellip; <a href=\"https:\/\/www.sjr-magdeburg.de\/index.php\/jat25-mitmachen\/\">Weiterlesen <span class=\"meta-nav\">&rarr;<\/span><\/a><\/p>\n","protected":false},"author":1,"featured_media":0,"parent":0,"menu_order":0,"comment_status":"closed","ping_status":"closed","template":"","meta":{"footnotes":""},"class_list":["post-1866","page","type-page","status-publish","hentry"],"_links":{"self":[{"href":"https:\/\/www.sjr-magdeburg.de\/index.php\/wp-json\/wp\/v2\/pages\/1866","targetHints":{"allow":["GET"]}}],"collection":[{"href":"https:\/\/www.sjr-magdeburg.de\/index.php\/wp-json\/wp\/v2\/pages"}],"about":[{"href":"https:\/\/www.sjr-magdeburg.de\/index.php\/wp-json\/wp\/v2\/types\/page"}],"author":[{"embeddable":true,"href":"https:\/\/www.sjr-magdeburg.de\/index.php\/wp-json\/wp\/v2\/users\/1"}],"replies":[{"embeddable":true,"href":"https:\/\/www.sjr-magdeburg.de\/index.php\/wp-json\/wp\/v2\/comments?post=1866"}],"version-history":[{"count":3,"href":"https:\/\/www.sjr-magdeburg.de\/index.php\/wp-json\/wp\/v2\/pages\/1866\/revisions"}],"predecessor-version":[{"id":1873,"href":"https:\/\/www.sjr-magdeburg.de\/index.php\/wp-json\/wp\/v2\/pages\/1866\/revisions\/1873"}],"wp:attachment":[{"href":"https:\/\/www.sjr-magdeburg.de\/index.php\/wp-json\/wp\/v2\/media?parent=1866"}],"curies":[{"name":"wp","href":"https:\/\/api.w.org\/{rel}","templated":true}]}}