{"id":1838,"date":"2025-07-07T15:33:23","date_gmt":"2025-07-07T13:33:23","guid":{"rendered":"https:\/\/www.sjr-magdeburg.de\/?page_id=1838"},"modified":"2025-07-31T17:36:49","modified_gmt":"2025-07-31T15:36:49","slug":"jugendaktionstag-2025","status":"publish","type":"page","link":"https:\/\/www.sjr-magdeburg.de\/index.php\/jugendaktionstag-2025\/","title":{"rendered":"Jugendaktionstag 2025"},"content":{"rendered":"\n<p class=\"has-medium-font-size\">\ud83d\udcc5 <strong>Wann?<\/strong> Freitag, 12.09.2025, 15:00 &#8211; 20:00 Uhr<br>\ud83d\udccd <strong>Wo?<\/strong> Leiterstra\u00dfe, Magdeburg<br>\ud83c\udf9f\ufe0f <strong>Eintritt frei!<\/strong><\/p>\n\n\n\n<figure class=\"wp-block-image size-large\"><img fetchpriority=\"high\" decoding=\"async\" width=\"1024\" height=\"1024\" src=\"https:\/\/www.sjr-magdeburg.de\/wp-content\/uploads\/2025\/07\/Jugend-Aktionstag-2025-1-1024x1024.png\" alt=\"\" class=\"wp-image-1845\" srcset=\"https:\/\/www.sjr-magdeburg.de\/wp-content\/uploads\/2025\/07\/Jugend-Aktionstag-2025-1-1024x1024.png 1024w, https:\/\/www.sjr-magdeburg.de\/wp-content\/uploads\/2025\/07\/Jugend-Aktionstag-2025-1-300x300.png 300w, https:\/\/www.sjr-magdeburg.de\/wp-content\/uploads\/2025\/07\/Jugend-Aktionstag-2025-1-150x150.png 150w, https:\/\/www.sjr-magdeburg.de\/wp-content\/uploads\/2025\/07\/Jugend-Aktionstag-2025-1-768x768.png 768w, https:\/\/www.sjr-magdeburg.de\/wp-content\/uploads\/2025\/07\/Jugend-Aktionstag-2025-1.png 1080w\" sizes=\"(max-width: 1024px) 100vw, 1024px\" \/><\/figure>\n\n\n\n<p class=\"has-text-align-left has-medium-font-size\">Beim <strong>Jugendaktionstag 2025<\/strong> zeigen viele Jugendgruppen, Verb\u00e4nde und Organisationen, was sie machen. An den St\u00e4nden kannst du dich informieren, was es alles f\u00fcr coole Angebote und Projekte f\u00fcr Jugendliche in Magdeburg gibt. Neben den <strong>Infost\u00e4nden<\/strong> gibt es auch viele <strong>Aktionen zum Mitmachen<\/strong>.<\/p>\n\n\n\n<div style=\"height:20px\" aria-hidden=\"true\" class=\"wp-block-spacer\"><\/div>\n\n\n\n<div class=\"wp-block-columns is-layout-flex wp-container-core-columns-is-layout-9d6595d7 wp-block-columns-is-layout-flex\">\n<div class=\"wp-block-column is-layout-flow wp-block-column-is-layout-flow\" style=\"flex-basis:100%\">\n<h1 class=\"wp-block-heading\" style=\"font-size:19px;font-style:normal;font-weight:100;text-transform:none\">\ud83c\udfa8 DIY &amp; Kreatives<\/h1>\n\n\n\n<h1 class=\"wp-block-heading\" style=\"font-size:19px;font-style:normal;font-weight:100;text-transform:none\">\u26bd Sport &amp; Spiel<\/h1>\n\n\n\n<h1 class=\"wp-block-heading\" style=\"font-size:19px;font-style:normal;font-weight:100;text-transform:none\">\ud83d\udcda Infos zu Freizeitm\u00f6glichkeiten &amp; jugendlicher Beteiligung <\/h1>\n\n\n\n<h1 class=\"wp-block-heading\" style=\"font-size:19px;font-style:normal;font-weight:100;text-transform:none\">\ud83c\udfb5 B\u00fchnenprogramm von jungen K\u00fcnstler*innen aus der Region                                                                <\/h1>\n\n\n\n<ol class=\"wp-block-list\"><\/ol>\n<\/div>\n<\/div>\n\n\n\n<ul class=\"wp-block-list has-medium-font-size\"><\/ul>\n\n\n\n<p class=\"has-medium-font-size\">\u203c\ufe0fSolltest du dich w\u00e4hrend des JATs unwohl f\u00fchlen, gibt es ein <strong>Awarenessteam <\/strong>vor Ort, das w\u00e4hrend der gesamten Veranstaltung f\u00fcr dich ansprechbar ist.<\/p>\n\n\n\n<p class=\"has-medium-font-size\"><strong>Komm vorbei und bring deine Freund*innen mit!<\/strong><br>\ud83d\udcf1 Mehr Infos<strong> <\/strong>zum Programm bekommst du hier \u00fcber die Website <br>\ud83d\udcf8 Oder auf Instagram: <a href=\"https:\/\/www.instagram.com\/stadtjugendring_magdeburg\">@stadtjugendring_magdeburg<\/a><\/p>\n\n\n\n<p class=\"has-medium-font-size\">\ud83d\udccd<strong>Hier findest du den Jugendaktionstag:<\/strong> Wir sind rund um den Heinrich-Apel-Platz\/ Teufelsbrunnen in der Leiterstra\u00dfe Magdeburg<\/p>\n\n\n\t\t<div\n            id=\"wpmapblock_4df31424\"\n            data-settings='{&quot;map_marker&quot;:[{&quot;id&quot;:&quot;0&quot;,&quot;lat&quot;:&quot;52.1280937&quot;,&quot;lng&quot;:&quot;11.6328482&quot;,&quot;title&quot;:&quot;&quot;,&quot;content&quot;:&quot;&quot;,&quot;iconType&quot;:&quot;default&quot;,&quot;customIconUrl&quot;:&quot;&quot;,&quot;customIconWidth&quot;:&quot;25&quot;,&quot;customIconHeight&quot;:&quot;40&quot;}],&quot;map_zoom&quot;:10,&quot;scroll_wheel_zoom&quot;:false,&quot;map_type&quot;:&quot;GM&quot;,&quot;center_index&quot;:0}'\n            class=\"wpmapblockrender\"\n            style=\"\n\t\t\twidth: 75%;\n\t\t\theight: 217px;\n\t\t\"\n            >\n        <\/div>\n        \n\n\n<p class=\"has-medium-font-size\"><strong>So kommst du zum JAT:<\/strong><\/p>\n\n\n\n<p class=\"has-medium-font-size\">\ud83d\ude8b<strong>Tram<\/strong> &#8211; Haltestelle Leiterstra\u00dfe (auf dem Breiten Weg) oder Haltestelle Verkehrsbetriebe<\/p>\n\n\n\n<p class=\"has-medium-font-size\">\ud83d\udc63<strong>zu Fu\u00df<\/strong> von mehreren Seiten m\u00f6glich: Zugang \u00fcber Breiter Weg, Otto-v-Guericke-Str., Pr\u00e4latenstr. oder Leiterstr. (vom Ulrichplatz kommend)<\/p>\n\n\n\n<p class=\"has-medium-font-size\">\ud83d\udeb2<strong>Fahrrad<\/strong> &#8211; wie bei den Fu\u00dfg\u00e4nger*innen; wir bitten darum, den Ort nicht mit dem Rad zu befahren und abzusteigen; Fahrradstellpl\u00e4tze gibt es in der gesamten Leiterstra\u00dfe<\/p>\n\n\n\n<p class=\"has-medium-font-size\">\ud83d\ude97<strong>Auto<\/strong> &#8211; keine Anfahrt direkt aufs Gel\u00e4nde; Parken auf \u00f6ffentlichen Parkpl\u00e4tzen um den Veranstaltungsort m\u00f6glich (Achtung Geb\u00fchren!)<\/p>\n\n\n\n<figure class=\"wp-block-image size-large\"><img decoding=\"async\" width=\"1024\" height=\"1024\" src=\"https:\/\/www.sjr-magdeburg.de\/wp-content\/uploads\/2025\/07\/Jugend-Aktionstag-2025-1024x1024.png\" alt=\"\" class=\"wp-image-1846\" srcset=\"https:\/\/www.sjr-magdeburg.de\/wp-content\/uploads\/2025\/07\/Jugend-Aktionstag-2025-1024x1024.png 1024w, https:\/\/www.sjr-magdeburg.de\/wp-content\/uploads\/2025\/07\/Jugend-Aktionstag-2025-300x300.png 300w, https:\/\/www.sjr-magdeburg.de\/wp-content\/uploads\/2025\/07\/Jugend-Aktionstag-2025-150x150.png 150w, https:\/\/www.sjr-magdeburg.de\/wp-content\/uploads\/2025\/07\/Jugend-Aktionstag-2025-768x768.png 768w, https:\/\/www.sjr-magdeburg.de\/wp-content\/uploads\/2025\/07\/Jugend-Aktionstag-2025.png 1080w\" sizes=\"(max-width: 1024px) 100vw, 1024px\" \/><\/figure>\n\n\n\n<p class=\"has-medium-font-size\">Unter <a href=\"https:\/\/www.sjr-magdeburg.de\/index.php\/jugendaktionstag\/\">&#8222;Jugendaktionstag&#8220;<\/a> findest du noch die Veranstaltungen der letzten Jahre und kannst dir anschauen, wo wir waren und was wir so gemacht haben.<\/p>\n\n\n\n<p class=\"has-medium-font-size\">Infos &amp; Anmeldung f\u00fcr Jugendgruppen und Vereine gibt <a href=\"https:\/\/www.sjr-magdeburg.de\/index.php\/jat25-mitmachen\/\" data-type=\"link\" data-id=\"https:\/\/www.sjr-magdeburg.de\/index.php\/jat25-mitmachen\/\">hier<\/a><\/p>\n\n\n\n<p class=\"has-medium-font-size\"><\/p>\n","protected":false},"excerpt":{"rendered":"<p>\ud83d\udcc5 Wann? Freitag, 12.09.2025, 15:00 &#8211; 20:00 Uhr\ud83d\udccd Wo? Leiterstra\u00dfe, Magdeburg\ud83c\udf9f\ufe0f Eintritt frei! Beim Jugendaktionstag 2025 zeigen viele Jugendgruppen, Verb\u00e4nde und Organisationen, was sie machen. An den St\u00e4nden kannst du dich informieren, was es alles f\u00fcr coole Angebote und Projekte &hellip; <a href=\"https:\/\/www.sjr-magdeburg.de\/index.php\/jugendaktionstag-2025\/\">Weiterlesen <span class=\"meta-nav\">&rarr;<\/span><\/a><\/p>\n","protected":false},"author":1,"featured_media":0,"parent":0,"menu_order":0,"comment_status":"closed","ping_status":"closed","template":"","meta":{"footnotes":""},"class_list":["post-1838","page","type-page","status-publish","hentry"],"_links":{"self":[{"href":"https:\/\/www.sjr-magdeburg.de\/index.php\/wp-json\/wp\/v2\/pages\/1838","targetHints":{"allow":["GET"]}}],"collection":[{"href":"https:\/\/www.sjr-magdeburg.de\/index.php\/wp-json\/wp\/v2\/pages"}],"about":[{"href":"https:\/\/www.sjr-magdeburg.de\/index.php\/wp-json\/wp\/v2\/types\/page"}],"author":[{"embeddable":true,"href":"https:\/\/www.sjr-magdeburg.de\/index.php\/wp-json\/wp\/v2\/users\/1"}],"replies":[{"embeddable":true,"href":"https:\/\/www.sjr-magdeburg.de\/index.php\/wp-json\/wp\/v2\/comments?post=1838"}],"version-history":[{"count":18,"href":"https:\/\/www.sjr-magdeburg.de\/index.php\/wp-json\/wp\/v2\/pages\/1838\/revisions"}],"predecessor-version":[{"id":1947,"href":"https:\/\/www.sjr-magdeburg.de\/index.php\/wp-json\/wp\/v2\/pages\/1838\/revisions\/1947"}],"wp:attachment":[{"href":"https:\/\/www.sjr-magdeburg.de\/index.php\/wp-json\/wp\/v2\/media?parent=1838"}],"curies":[{"name":"wp","href":"https:\/\/api.w.org\/{rel}","templated":true}]}}