{"id":1604,"date":"2024-07-11T15:24:03","date_gmt":"2024-07-11T13:24:03","guid":{"rendered":"https:\/\/www.sjr-magdeburg.de\/?page_id=1604"},"modified":"2025-07-17T11:42:49","modified_gmt":"2025-07-17T09:42:49","slug":"jugendaktionstag","status":"publish","type":"page","link":"https:\/\/www.sjr-magdeburg.de\/index.php\/jugendaktionstag\/","title":{"rendered":"Jugendaktionstag"},"content":{"rendered":"\n<p>Am Jugendaktionstag pr\u00e4sentieren verschiedene Jugendverb\u00e4nde, -gruppen und -initiativen sowie freie und kommunale Tr\u00e4ger der Kinder- und Jugendhilfe in Magdeburg ihre Arbeit. An zahlreichen Infost\u00e4nden k\u00f6nnen sich die Besucher \u00fcber die vielf\u00e4ltigen Angebote und Projekte informieren, die f\u00fcr Jugendliche in der Stadt zur Verf\u00fcgung stehen.<\/p>\n\n\n\n<p>Neben den Informationsst\u00e4nden gibt es zahlreiche Mitmachangebote, die die Jugendlichen aktiv einbeziehen und ihnen die M\u00f6glichkeit geben, sich auszuprobieren und neue Interessen zu entdecken. Dieser Tag bietet eine hervorragende Gelegenheit, die Vielfalt des Jugendengagements in Magdeburg zu erleben und zu verstehen, wie wichtig diese Arbeit f\u00fcr die Stadtgesellschaft ist.<\/p>\n\n\n\n<p><a href=\"https:\/\/www.sjr-magdeburg.de\/index.php\/jugendaktionstag-2025\/\" data-type=\"page\" data-id=\"1838\">Hier gehts zum Jugendaktionstag 2025 <\/a>und zum <a href=\"https:\/\/www.sjr-magdeburg.de\/index.php\/2024\/08\/25\/rueckblick-jugendaktionstag-2024\/\">R\u00fcckblick auf den Jugendaktionstag 2024<\/a><\/p>\n\n\n\n<p><em>Der Jugendaktionstag wird gef\u00f6rdert durch die Partnerschaft f\u00fcr Demokratie Magdeburg durch Mittel des Bundesprogramms &#8222;Demokratie Leben!&#8220;<\/em><\/p>\n\n\n\n<figure class=\"wp-block-image size-full\"><img fetchpriority=\"high\" decoding=\"async\" width=\"838\" height=\"283\" src=\"https:\/\/www.sjr-magdeburg.de\/wp-content\/uploads\/2025\/07\/BMBFSFJ_DL_mitFoerderzusatz.jpg\" alt=\"\" class=\"wp-image-1854\" srcset=\"https:\/\/www.sjr-magdeburg.de\/wp-content\/uploads\/2025\/07\/BMBFSFJ_DL_mitFoerderzusatz.jpg 838w, https:\/\/www.sjr-magdeburg.de\/wp-content\/uploads\/2025\/07\/BMBFSFJ_DL_mitFoerderzusatz-300x101.jpg 300w, https:\/\/www.sjr-magdeburg.de\/wp-content\/uploads\/2025\/07\/BMBFSFJ_DL_mitFoerderzusatz-768x259.jpg 768w, https:\/\/www.sjr-magdeburg.de\/wp-content\/uploads\/2025\/07\/BMBFSFJ_DL_mitFoerderzusatz-500x169.jpg 500w\" sizes=\"(max-width: 838px) 100vw, 838px\" \/><\/figure>\n\n\n\n<figure class=\"wp-block-image size-large\"><img decoding=\"async\" width=\"1024\" height=\"359\" src=\"https:\/\/www.sjr-magdeburg.de\/wp-content\/uploads\/2025\/07\/ms_wirsinddasland_Logo_8.-Legislatur-1024x359.jpg\" alt=\"\" class=\"wp-image-1855\" srcset=\"https:\/\/www.sjr-magdeburg.de\/wp-content\/uploads\/2025\/07\/ms_wirsinddasland_Logo_8.-Legislatur-1024x359.jpg 1024w, https:\/\/www.sjr-magdeburg.de\/wp-content\/uploads\/2025\/07\/ms_wirsinddasland_Logo_8.-Legislatur-300x105.jpg 300w, https:\/\/www.sjr-magdeburg.de\/wp-content\/uploads\/2025\/07\/ms_wirsinddasland_Logo_8.-Legislatur-768x269.jpg 768w, https:\/\/www.sjr-magdeburg.de\/wp-content\/uploads\/2025\/07\/ms_wirsinddasland_Logo_8.-Legislatur-1536x539.jpg 1536w, https:\/\/www.sjr-magdeburg.de\/wp-content\/uploads\/2025\/07\/ms_wirsinddasland_Logo_8.-Legislatur-2048x718.jpg 2048w, https:\/\/www.sjr-magdeburg.de\/wp-content\/uploads\/2025\/07\/ms_wirsinddasland_Logo_8.-Legislatur-500x175.jpg 500w\" sizes=\"(max-width: 1024px) 100vw, 1024px\" \/><\/figure>\n\n\n\n<figure class=\"wp-block-image size-full\"><img decoding=\"async\" width=\"701\" height=\"252\" src=\"https:\/\/www.sjr-magdeburg.de\/wp-content\/uploads\/2025\/07\/LHM_Logo_4c_OCV2_S_mitSchutzzone-50mmBreite.jpg\" alt=\"\" class=\"wp-image-1857\" srcset=\"https:\/\/www.sjr-magdeburg.de\/wp-content\/uploads\/2025\/07\/LHM_Logo_4c_OCV2_S_mitSchutzzone-50mmBreite.jpg 701w, https:\/\/www.sjr-magdeburg.de\/wp-content\/uploads\/2025\/07\/LHM_Logo_4c_OCV2_S_mitSchutzzone-50mmBreite-300x108.jpg 300w, https:\/\/www.sjr-magdeburg.de\/wp-content\/uploads\/2025\/07\/LHM_Logo_4c_OCV2_S_mitSchutzzone-50mmBreite-500x180.jpg 500w\" sizes=\"(max-width: 701px) 100vw, 701px\" \/><\/figure>\n\n\n\n<figure class=\"wp-block-image size-full is-resized\"><img loading=\"lazy\" decoding=\"async\" width=\"283\" height=\"60\" src=\"https:\/\/www.sjr-magdeburg.de\/wp-content\/uploads\/2025\/07\/Logo-PfD-Full.png\" alt=\"\" class=\"wp-image-1858\" style=\"width:614px;height:auto\"\/><\/figure>\n","protected":false},"excerpt":{"rendered":"<p>Am Jugendaktionstag pr\u00e4sentieren verschiedene Jugendverb\u00e4nde, -gruppen und -initiativen sowie freie und kommunale Tr\u00e4ger der Kinder- und Jugendhilfe in Magdeburg ihre Arbeit. An zahlreichen Infost\u00e4nden k\u00f6nnen sich die Besucher \u00fcber die vielf\u00e4ltigen Angebote und Projekte informieren, die f\u00fcr Jugendliche in der &hellip; <a href=\"https:\/\/www.sjr-magdeburg.de\/index.php\/jugendaktionstag\/\">Weiterlesen <span class=\"meta-nav\">&rarr;<\/span><\/a><\/p>\n","protected":false},"author":1,"featured_media":0,"parent":0,"menu_order":0,"comment_status":"closed","ping_status":"closed","template":"","meta":{"footnotes":""},"class_list":["post-1604","page","type-page","status-publish","hentry"],"_links":{"self":[{"href":"https:\/\/www.sjr-magdeburg.de\/index.php\/wp-json\/wp\/v2\/pages\/1604","targetHints":{"allow":["GET"]}}],"collection":[{"href":"https:\/\/www.sjr-magdeburg.de\/index.php\/wp-json\/wp\/v2\/pages"}],"about":[{"href":"https:\/\/www.sjr-magdeburg.de\/index.php\/wp-json\/wp\/v2\/types\/page"}],"author":[{"embeddable":true,"href":"https:\/\/www.sjr-magdeburg.de\/index.php\/wp-json\/wp\/v2\/users\/1"}],"replies":[{"embeddable":true,"href":"https:\/\/www.sjr-magdeburg.de\/index.php\/wp-json\/wp\/v2\/comments?post=1604"}],"version-history":[{"count":7,"href":"https:\/\/www.sjr-magdeburg.de\/index.php\/wp-json\/wp\/v2\/pages\/1604\/revisions"}],"predecessor-version":[{"id":1861,"href":"https:\/\/www.sjr-magdeburg.de\/index.php\/wp-json\/wp\/v2\/pages\/1604\/revisions\/1861"}],"wp:attachment":[{"href":"https:\/\/www.sjr-magdeburg.de\/index.php\/wp-json\/wp\/v2\/media?parent=1604"}],"curies":[{"name":"wp","href":"https:\/\/api.w.org\/{rel}","templated":true}]}}