{"id":1575,"date":"2024-06-14T12:48:43","date_gmt":"2024-06-14T10:48:43","guid":{"rendered":"https:\/\/www.sjr-magdeburg.de\/?page_id=1575"},"modified":"2024-08-06T14:05:38","modified_gmt":"2024-08-06T12:05:38","slug":"jugendaktionstag-2024","status":"publish","type":"page","link":"https:\/\/www.sjr-magdeburg.de\/index.php\/jugendaktionstag-2024\/","title":{"rendered":"Jugendaktionstag 2024"},"content":{"rendered":"\n<p>Auch in diesem Jahr findet der Jugendaktionstag (JAT) statt! Wir freuen uns, dich am <strong>16.08.2024 ab 15 Uhr im Familienhaus Magdeburg<\/strong> begr\u00fc\u00dfen zu d\u00fcrfen. Freu dich auf ganz viele verschiedene Infost\u00e4nde und Mitmachangebote von Jugendgruppen und Akteur*innen der Kinder- und Jugendhilfe in Magdeburg. Zudem wird es einige tolle musikalische Beitr\u00e4ge geben, die den Tag noch mehr versch\u00f6nern werden. Vor Ort wird es einen Imbiss sowie einen Getr\u00e4nkestand vom Familienhaus Magdeburg geben.<\/p>\n\n\n\n<p>Solltest du dich selbst oder eine Person in deinem Umfeld unwohl f\u00fchlen, Probleme, Fragen oder Anmerkungen haben, sprich gern unsere Teammitglieder auf dem ganzen Gel\u00e4nde an (zu erkennen an den StadtJugendRing Shirts). Wir helfen dir gern und begleiten die entsprechenden Situationen fallgerecht.<\/p>\n\n\n\n<p>Der Eintritt zur Veranstaltung ist kostenlos.<\/p>\n\n\n\n<figure class=\"wp-block-image size-large\"><img fetchpriority=\"high\" decoding=\"async\" width=\"1024\" height=\"1024\" src=\"https:\/\/www.sjr-magdeburg.de\/wp-content\/uploads\/2024\/07\/Design-4-1024x1024.png\" alt=\"\" class=\"wp-image-1618\" srcset=\"https:\/\/www.sjr-magdeburg.de\/wp-content\/uploads\/2024\/07\/Design-4-1024x1024.png 1024w, https:\/\/www.sjr-magdeburg.de\/wp-content\/uploads\/2024\/07\/Design-4-300x300.png 300w, https:\/\/www.sjr-magdeburg.de\/wp-content\/uploads\/2024\/07\/Design-4-150x150.png 150w, https:\/\/www.sjr-magdeburg.de\/wp-content\/uploads\/2024\/07\/Design-4-768x768.png 768w, https:\/\/www.sjr-magdeburg.de\/wp-content\/uploads\/2024\/07\/Design-4.png 1080w\" sizes=\"(max-width: 1024px) 100vw, 1024px\" \/><\/figure>\n\n\n\n<figure class=\"wp-block-image size-large is-resized\"><img decoding=\"async\" width=\"1024\" height=\"1024\" src=\"https:\/\/www.sjr-magdeburg.de\/wp-content\/uploads\/2024\/07\/Design1-1024x1024.png\" alt=\"\" class=\"wp-image-1616\" style=\"width:614px;height:auto\" srcset=\"https:\/\/www.sjr-magdeburg.de\/wp-content\/uploads\/2024\/07\/Design1-1024x1024.png 1024w, https:\/\/www.sjr-magdeburg.de\/wp-content\/uploads\/2024\/07\/Design1-300x300.png 300w, https:\/\/www.sjr-magdeburg.de\/wp-content\/uploads\/2024\/07\/Design1-150x150.png 150w, https:\/\/www.sjr-magdeburg.de\/wp-content\/uploads\/2024\/07\/Design1-768x768.png 768w, https:\/\/www.sjr-magdeburg.de\/wp-content\/uploads\/2024\/07\/Design1.png 1080w\" sizes=\"(max-width: 1024px) 100vw, 1024px\" \/><\/figure>\n\n\n\n<figure class=\"wp-block-image size-large\"><img decoding=\"async\" width=\"683\" height=\"1024\" src=\"https:\/\/www.sjr-magdeburg.de\/wp-content\/uploads\/2024\/08\/Design3-683x1024.png\" alt=\"\" class=\"wp-image-1672\" srcset=\"https:\/\/www.sjr-magdeburg.de\/wp-content\/uploads\/2024\/08\/Design3-683x1024.png 683w, https:\/\/www.sjr-magdeburg.de\/wp-content\/uploads\/2024\/08\/Design3-200x300.png 200w, https:\/\/www.sjr-magdeburg.de\/wp-content\/uploads\/2024\/08\/Design3-768x1152.png 768w, https:\/\/www.sjr-magdeburg.de\/wp-content\/uploads\/2024\/08\/Design3.png 800w\" sizes=\"(max-width: 683px) 100vw, 683px\" \/><\/figure>\n\n\n\n<p><strong>So kommst du zum Jugendaktionstag 2024:<\/strong><\/p>\n\n\n\n<p>Adresse: Familienhaus Magdeburg | Familienhaus im Park &#8211; Hohepfortestra\u00dfe 14, 39106 Magdeburg<\/p>\n\n\n\n<p>MVB-Stra\u00dfenbahnlinie: 2, Haltestelle: Am Nordpark<\/p>\n\n\n\n<p>\u00d6ffentliche Parkm\u00f6glichkeiten rund um den Park vorhanden, die Anreise mit \u00f6ffentlichen Verkehrsmitteln oder mit dem Fahrrad wird empfohlen<\/p>\n\n\n\n<p><\/p>\n\n\n\n<div class=\"wp-block-columns is-layout-flex wp-container-core-columns-is-layout-9d6595d7 wp-block-columns-is-layout-flex\">\n<div class=\"wp-block-column is-layout-flow wp-block-column-is-layout-flow\" style=\"flex-basis:100%\">\t\t<div\n            id=\"wpmapblock_0202aff3\"\n            data-settings='{&quot;map_marker&quot;:[{&quot;id&quot;:&quot;0&quot;,&quot;lat&quot;:&quot;52.1446845&quot;,&quot;lng&quot;:&quot;11.645998550000002&quot;,&quot;title&quot;:&quot;Familienhaus im Park Magdeburg&quot;,&quot;content&quot;:&quot;&quot;,&quot;iconType&quot;:&quot;default&quot;,&quot;customIconUrl&quot;:&quot;&quot;,&quot;customIconWidth&quot;:&quot;25&quot;,&quot;customIconHeight&quot;:&quot;40&quot;}],&quot;map_zoom&quot;:&quot;20&quot;,&quot;scroll_wheel_zoom&quot;:&quot;1&quot;,&quot;map_type&quot;:&quot;GM&quot;,&quot;center_index&quot;:0}'\n            class=\"wpmapblockrender\"\n            style=\"\n\t\t\twidth: 100%;\n\t\t\theight: 345px;\n\t\t\"\n            >\n        <\/div>\n        <\/div>\n<\/div>\n\n\n\n<div style=\"height:100px\" aria-hidden=\"true\" class=\"wp-block-spacer\"><\/div>\n\n\n\n<figure class=\"wp-block-image size-large\"><img loading=\"lazy\" decoding=\"async\" width=\"1024\" height=\"1024\" src=\"https:\/\/www.sjr-magdeburg.de\/wp-content\/uploads\/2024\/07\/Insta3-1024x1024.png\" alt=\"\" class=\"wp-image-1639\" srcset=\"https:\/\/www.sjr-magdeburg.de\/wp-content\/uploads\/2024\/07\/Insta3-1024x1024.png 1024w, https:\/\/www.sjr-magdeburg.de\/wp-content\/uploads\/2024\/07\/Insta3-300x300.png 300w, https:\/\/www.sjr-magdeburg.de\/wp-content\/uploads\/2024\/07\/Insta3-150x150.png 150w, https:\/\/www.sjr-magdeburg.de\/wp-content\/uploads\/2024\/07\/Insta3-768x768.png 768w, https:\/\/www.sjr-magdeburg.de\/wp-content\/uploads\/2024\/07\/Insta3.png 1080w\" sizes=\"(max-width: 1024px) 100vw, 1024px\" \/><\/figure>\n\n\n\n<p>Wie jedes Jahr k\u00f6nnen sich Vereine und Initiativen bei uns mit Aktionsst\u00e4nden anmelden. Die Anmeldeformulare bitte bis zum 08.07.2024 an referentin(at)sjr-magdeburg.de. Hier ist das Anmeldeformular:<\/p>\n\n\n\n<div class=\"wp-block-file\"><a id=\"wp-block-file--media-428e9122-1751-4fbe-8d1b-16f0279fe908\" href=\"https:\/\/www.sjr-magdeburg.de\/wp-content\/uploads\/2024\/06\/Anmeldebogen-JAT-2024-beschreibar.pdf\" target=\"_blank\" rel=\"noreferrer noopener\">Anmeldebogen-JAT-2024-beschreibar<\/a><a href=\"https:\/\/www.sjr-magdeburg.de\/wp-content\/uploads\/2024\/06\/Anmeldebogen-JAT-2024-beschreibar.pdf\" class=\"wp-block-file__button wp-element-button\" download aria-describedby=\"wp-block-file--media-428e9122-1751-4fbe-8d1b-16f0279fe908\">Herunterladen<\/a><\/div>\n\n\n\n<p>F\u00fcr alle die gerne auf Bildern und Videos des Tages verewigt sein m\u00f6chten, haben wir hier die Datenschutzerkl\u00e4rung, die bei Kindern unter 16 von einer Erziehungsberechtigten Person unterschrieben werden muss. Einfach ausdrucken, unterschreiben lassen und bei uns abgeben.<\/p>\n\n\n\n<div class=\"wp-block-file\"><a id=\"wp-block-file--media-bb0a78b8-3115-432d-8e26-e029d6f0866e\" href=\"https:\/\/www.sjr-magdeburg.de\/wp-content\/uploads\/2024\/06\/Datenschutzerklaerung.pdf\" target=\"_blank\" rel=\"noreferrer noopener\">Datenschutzerklaerung<\/a><a href=\"https:\/\/www.sjr-magdeburg.de\/wp-content\/uploads\/2024\/06\/Datenschutzerklaerung.pdf\" class=\"wp-block-file__button wp-element-button\" download aria-describedby=\"wp-block-file--media-bb0a78b8-3115-432d-8e26-e029d6f0866e\">Herunterladen<\/a><\/div>\n","protected":false},"excerpt":{"rendered":"<p>Auch in diesem Jahr findet der Jugendaktionstag (JAT) statt! Wir freuen uns, dich am 16.08.2024 ab 15 Uhr im Familienhaus Magdeburg begr\u00fc\u00dfen zu d\u00fcrfen. Freu dich auf ganz viele verschiedene Infost\u00e4nde und Mitmachangebote von Jugendgruppen und Akteur*innen der Kinder- und &hellip; <a href=\"https:\/\/www.sjr-magdeburg.de\/index.php\/jugendaktionstag-2024\/\">Weiterlesen <span class=\"meta-nav\">&rarr;<\/span><\/a><\/p>\n","protected":false},"author":1,"featured_media":0,"parent":0,"menu_order":0,"comment_status":"closed","ping_status":"closed","template":"","meta":{"footnotes":""},"class_list":["post-1575","page","type-page","status-publish","hentry"],"_links":{"self":[{"href":"https:\/\/www.sjr-magdeburg.de\/index.php\/wp-json\/wp\/v2\/pages\/1575","targetHints":{"allow":["GET"]}}],"collection":[{"href":"https:\/\/www.sjr-magdeburg.de\/index.php\/wp-json\/wp\/v2\/pages"}],"about":[{"href":"https:\/\/www.sjr-magdeburg.de\/index.php\/wp-json\/wp\/v2\/types\/page"}],"author":[{"embeddable":true,"href":"https:\/\/www.sjr-magdeburg.de\/index.php\/wp-json\/wp\/v2\/users\/1"}],"replies":[{"embeddable":true,"href":"https:\/\/www.sjr-magdeburg.de\/index.php\/wp-json\/wp\/v2\/comments?post=1575"}],"version-history":[{"count":14,"href":"https:\/\/www.sjr-magdeburg.de\/index.php\/wp-json\/wp\/v2\/pages\/1575\/revisions"}],"predecessor-version":[{"id":1673,"href":"https:\/\/www.sjr-magdeburg.de\/index.php\/wp-json\/wp\/v2\/pages\/1575\/revisions\/1673"}],"wp:attachment":[{"href":"https:\/\/www.sjr-magdeburg.de\/index.php\/wp-json\/wp\/v2\/media?parent=1575"}],"curies":[{"name":"wp","href":"https:\/\/api.w.org\/{rel}","templated":true}]}}