{"id":1391,"date":"2024-04-11T13:25:47","date_gmt":"2024-04-11T11:25:47","guid":{"rendered":"https:\/\/www.sjr-magdeburg.de\/?page_id=1391"},"modified":"2024-04-11T13:45:11","modified_gmt":"2024-04-11T11:45:11","slug":"vote-vibe-wahlen-2024","status":"publish","type":"page","link":"https:\/\/www.sjr-magdeburg.de\/index.php\/vote-vibe-wahlen-2024\/","title":{"rendered":"Vote &amp; Vibe &#8211; Deine Stimme f\u00fcr unsere Zukunft"},"content":{"rendered":"\n<figure class=\"wp-block-image size-large\"><img fetchpriority=\"high\" decoding=\"async\" width=\"1024\" height=\"1024\" src=\"https:\/\/www.sjr-magdeburg.de\/wp-content\/uploads\/2024\/04\/Kopie-von-WAHLKAMPAGNE-1024x1024.png\" alt=\"\" class=\"wp-image-1400\" srcset=\"https:\/\/www.sjr-magdeburg.de\/wp-content\/uploads\/2024\/04\/Kopie-von-WAHLKAMPAGNE-1024x1024.png 1024w, https:\/\/www.sjr-magdeburg.de\/wp-content\/uploads\/2024\/04\/Kopie-von-WAHLKAMPAGNE-300x300.png 300w, https:\/\/www.sjr-magdeburg.de\/wp-content\/uploads\/2024\/04\/Kopie-von-WAHLKAMPAGNE-150x150.png 150w, https:\/\/www.sjr-magdeburg.de\/wp-content\/uploads\/2024\/04\/Kopie-von-WAHLKAMPAGNE-768x768.png 768w, https:\/\/www.sjr-magdeburg.de\/wp-content\/uploads\/2024\/04\/Kopie-von-WAHLKAMPAGNE.png 1080w\" sizes=\"(max-width: 1024px) 100vw, 1024px\" \/><\/figure>\n\n\n\n<p>Entdecke die Kommunalwahlen in Magdeburg 2024 \u2013 ganz einfach erkl\u00e4rt. Mit dem Format &#8222;Vote &amp; Vibe&#8220; m\u00f6chten wir insbesondere junge Menschen in Magdeburg erreichen und sowohl \u00fcber die anstehenden Wahlen informieren als auch zum W\u00e4hlen gehen mobilisieren. <\/p>\n\n\n\n<p>W\u00e4hlen zu gehen ist ein wichtiger Baustein unserer Demokratie, welches von jeder wahlberechtigten Person wahrgenommen werden sollte. Gemeinsam k\u00f6nnen wir uns f\u00fcr eine lebenswerte, tolerante und vielf\u00e4ltige Gesellschaft einsetzen. Deshalb gilt: Deine Stimme f\u00fcr unsere Zukunft! <\/p>\n\n\n\n<p>Wir hoffen, dass diese Informationen dir helfen, dich auf die Kommunalwahlen in Magdeburg sowie auch die Europawahlen, die zeitgleich stattfinden, am 09.06.2024 vorzubereiten. <\/p>\n\n\n\n<div class=\"wp-block-columns is-layout-flex wp-container-core-columns-is-layout-9d6595d7 wp-block-columns-is-layout-flex\">\n<div class=\"wp-block-column is-layout-flow wp-block-column-is-layout-flow\" style=\"flex-basis:100%\">\n<div class=\"wp-block-columns is-layout-flex wp-container-core-columns-is-layout-9d6595d7 wp-block-columns-is-layout-flex\">\n<div class=\"wp-block-column is-layout-flow wp-block-column-is-layout-flow\">\n<figure class=\"wp-block-image size-large\"><img decoding=\"async\" width=\"891\" height=\"1024\" src=\"https:\/\/www.sjr-magdeburg.de\/wp-content\/uploads\/2024\/04\/voteandvibe_md_qr-1-891x1024.png\" alt=\"\" class=\"wp-image-1397\" srcset=\"https:\/\/www.sjr-magdeburg.de\/wp-content\/uploads\/2024\/04\/voteandvibe_md_qr-1-891x1024.png 891w, https:\/\/www.sjr-magdeburg.de\/wp-content\/uploads\/2024\/04\/voteandvibe_md_qr-1-261x300.png 261w, https:\/\/www.sjr-magdeburg.de\/wp-content\/uploads\/2024\/04\/voteandvibe_md_qr-1-768x882.png 768w, https:\/\/www.sjr-magdeburg.de\/wp-content\/uploads\/2024\/04\/voteandvibe_md_qr-1-1337x1536.png 1337w, https:\/\/www.sjr-magdeburg.de\/wp-content\/uploads\/2024\/04\/voteandvibe_md_qr-1-1783x2048.png 1783w\" sizes=\"(max-width: 891px) 100vw, 891px\" \/><\/figure>\n<\/div>\n\n\n\n<div class=\"wp-block-column is-layout-flow wp-block-column-is-layout-flow\">\n<p>Auf Instagram teilen wir zum &#8222;Demokratie-Dienstag&#8220; unsere Infoposts zu verschiedenen Themen rund um die Wahlen. Auch kannst du dort Veranstaltungen und weitere coole Aktionen mit verfolgen. Scann am besten gleich den QR Code und folge @voteandvibe_md auf Insta und verpasse nichts!<\/p>\n<\/div>\n<\/div>\n<\/div>\n<\/div>\n","protected":false},"excerpt":{"rendered":"<p>Entdecke die Kommunalwahlen in Magdeburg 2024 \u2013 ganz einfach erkl\u00e4rt. Mit dem Format &#8222;Vote &amp; Vibe&#8220; m\u00f6chten wir insbesondere junge Menschen in Magdeburg erreichen und sowohl \u00fcber die anstehenden Wahlen informieren als auch zum W\u00e4hlen gehen mobilisieren. W\u00e4hlen zu gehen &hellip; <a href=\"https:\/\/www.sjr-magdeburg.de\/index.php\/vote-vibe-wahlen-2024\/\">Weiterlesen <span class=\"meta-nav\">&rarr;<\/span><\/a><\/p>\n","protected":false},"author":1,"featured_media":0,"parent":0,"menu_order":0,"comment_status":"closed","ping_status":"closed","template":"","meta":{"footnotes":""},"class_list":["post-1391","page","type-page","status-publish","hentry"],"_links":{"self":[{"href":"https:\/\/www.sjr-magdeburg.de\/index.php\/wp-json\/wp\/v2\/pages\/1391","targetHints":{"allow":["GET"]}}],"collection":[{"href":"https:\/\/www.sjr-magdeburg.de\/index.php\/wp-json\/wp\/v2\/pages"}],"about":[{"href":"https:\/\/www.sjr-magdeburg.de\/index.php\/wp-json\/wp\/v2\/types\/page"}],"author":[{"embeddable":true,"href":"https:\/\/www.sjr-magdeburg.de\/index.php\/wp-json\/wp\/v2\/users\/1"}],"replies":[{"embeddable":true,"href":"https:\/\/www.sjr-magdeburg.de\/index.php\/wp-json\/wp\/v2\/comments?post=1391"}],"version-history":[{"count":3,"href":"https:\/\/www.sjr-magdeburg.de\/index.php\/wp-json\/wp\/v2\/pages\/1391\/revisions"}],"predecessor-version":[{"id":1401,"href":"https:\/\/www.sjr-magdeburg.de\/index.php\/wp-json\/wp\/v2\/pages\/1391\/revisions\/1401"}],"wp:attachment":[{"href":"https:\/\/www.sjr-magdeburg.de\/index.php\/wp-json\/wp\/v2\/media?parent=1391"}],"curies":[{"name":"wp","href":"https:\/\/api.w.org\/{rel}","templated":true}]}}