{"id":1313,"date":"2023-12-05T17:16:36","date_gmt":"2023-12-05T16:16:36","guid":{"rendered":"https:\/\/www.sjr-magdeburg.de\/?page_id=1313"},"modified":"2023-12-06T17:18:08","modified_gmt":"2023-12-06T16:18:08","slug":"bundesweit","status":"publish","type":"page","link":"https:\/\/www.sjr-magdeburg.de\/index.php\/bundesweit\/","title":{"rendered":"bundesweit"},"content":{"rendered":"\n<h1 class=\"wp-block-heading\">DBJR- Deutscher Bundesjugendring<\/h1>\n\n\n<div class=\"wp-block-image\">\n<figure class=\"alignright\"><img decoding=\"async\" src=\"http:\/\/t2.gstatic.com\/images?q=tbn:ANd9GcRCJqCG5RwCXJk-ziv9kp6ANNR_UFgMHlHWwqRkfXYWAjVnSuKUDWC01gma\" alt=\"Bild in Originalgr\u00f6\u00dfe anzeigen\"\/><\/figure>\n<\/div>\n\n\n<p>M\u00fchlendamm 3<br>10178 Berlin<\/p>\n\n\n\n<p>Tel: 0 30 \/&nbsp;400 40-400<br>Web:&nbsp;<a href=\"https:\/\/www.dbjr.de\/\">https:\/\/www.dbjr.de&nbsp;<\/a>Mail:&nbsp;<a href=\"&#x6d;&#x61;&#x69;&#x6c;&#x74;&#x6f;&#58;&#105;nfo&#64;db&#x6a;&#x72;&#x2e;&#x64;&#x65;\">i&#x6e;fo&#x40;db&#x6a;r&#46;&#x64;e<\/a><\/p>\n\n\n\n<p>Hier findest du Infos zur Jugendpolitik auf verschiedenen Ebenen (national, europ\u00e4isch, international), Stellungnahmen, Projekte, Positionen, Brosch\u00fcren und Arbeitshilfen rund um Jugendarbeit und Jugendverb\u00e4nde. Wenn du Fragen hast, kannst du von 9- 17 Uhr in der Gesch\u00e4ftsstelle anrufen.<\/p>\n\n\n\n<h2 class=\"wp-block-heading\">www.juleica.de<\/h2>\n\n\n\n<p>bundesweite Informationsplattform zur JuLeiCa vom DBJR und den Landesjugendringen. Hier findest du bundesweite Standards, den Online- Antrag, News zur Ausbildung und die M\u00f6glichkeit dich in Foren auszutauschen.<\/p>\n\n\n\n<h1 class=\"wp-block-heading\">IJAB \u2013 Fachstelle f\u00fcr Internationale Jugendarbeit der Bundesrepublik Deutschland e.V.<\/h1>\n\n\n<div class=\"wp-block-image\">\n<figure class=\"alignright\"><a href=\"http:\/\/jiz-magdeburg.de\/wp-content\/uploads\/2015\/06\/LogoIJAB.jpg\"><img decoding=\"async\" src=\"http:\/\/jiz-magdeburg.de\/wp-content\/uploads\/2015\/06\/LogoIJAB.jpg\" alt=\"LogoIJAB\" class=\"wp-image-1214\"\/><\/a><\/figure>\n<\/div>\n\n\n<p>Godesberger Allee 142-148<br>D-53175 Bonn<\/p>\n\n\n\n<p>Tel.: +49 (0)228 9506-0<br>Fax: +49 (0)228 9506-199<br>E-Mail:&nbsp;<a href=\"&#x6d;&#97;i&#x6c;&#116;o&#x3a;&#x69;nf&#x6f;&#64;i&#x6a;&#x61;b.&#x64;&#101;\">&#x69;&#x6e;&#102;o&#64;&#x69;&#x6a;&#97;b.&#x64;&#x65;<\/a><br>Web:&nbsp;<a href=\"https:\/\/www.ijab.de\/\">https:\/\/www.ijab.de<\/a><\/p>\n\n\n\n<p>Die Fachstelle f\u00f6rdert internationale jugendpolitische Zusammenarbeit, Mobilit\u00e4t, Jugend- und Fachkr\u00e4fteinformation und entwickelt die internationale Jugendarbeit weiter. Au\u00dferdem findest du auch hier zahlreiche Ver\u00f6ffentlichungen unter anderem das IJAB Journal und das Magazin Forum Jugendarbeit International. Der Service bietet zudem eine Forschungsdatenbank und den IJAB Sprachendienst.<\/p>\n","protected":false},"excerpt":{"rendered":"<p>DBJR- Deutscher Bundesjugendring M\u00fchlendamm 310178 Berlin Tel: 0 30 \/&nbsp;400 40-400Web:&nbsp;https:\/\/www.dbjr.de&nbsp;Mail:&nbsp;&#x69;n&#x66;&#x6f;&#64;&#x64;&#98;j&#x72;&#46;d&#x65; Hier findest du Infos zur Jugendpolitik auf verschiedenen Ebenen (national, europ\u00e4isch, international), Stellungnahmen, Projekte, Positionen, Brosch\u00fcren und Arbeitshilfen rund um Jugendarbeit und Jugendverb\u00e4nde. Wenn du Fragen hast, kannst du &hellip; <a href=\"https:\/\/www.sjr-magdeburg.de\/index.php\/bundesweit\/\">Weiterlesen <span class=\"meta-nav\">&rarr;<\/span><\/a><\/p>\n","protected":false},"author":1,"featured_media":0,"parent":0,"menu_order":0,"comment_status":"closed","ping_status":"closed","template":"","meta":{"footnotes":""},"class_list":["post-1313","page","type-page","status-publish","hentry"],"_links":{"self":[{"href":"https:\/\/www.sjr-magdeburg.de\/index.php\/wp-json\/wp\/v2\/pages\/1313","targetHints":{"allow":["GET"]}}],"collection":[{"href":"https:\/\/www.sjr-magdeburg.de\/index.php\/wp-json\/wp\/v2\/pages"}],"about":[{"href":"https:\/\/www.sjr-magdeburg.de\/index.php\/wp-json\/wp\/v2\/types\/page"}],"author":[{"embeddable":true,"href":"https:\/\/www.sjr-magdeburg.de\/index.php\/wp-json\/wp\/v2\/users\/1"}],"replies":[{"embeddable":true,"href":"https:\/\/www.sjr-magdeburg.de\/index.php\/wp-json\/wp\/v2\/comments?post=1313"}],"version-history":[{"count":1,"href":"https:\/\/www.sjr-magdeburg.de\/index.php\/wp-json\/wp\/v2\/pages\/1313\/revisions"}],"predecessor-version":[{"id":1314,"href":"https:\/\/www.sjr-magdeburg.de\/index.php\/wp-json\/wp\/v2\/pages\/1313\/revisions\/1314"}],"wp:attachment":[{"href":"https:\/\/www.sjr-magdeburg.de\/index.php\/wp-json\/wp\/v2\/media?parent=1313"}],"curies":[{"name":"wp","href":"https:\/\/api.w.org\/{rel}","templated":true}]}}