{"id":1311,"date":"2023-12-05T17:11:10","date_gmt":"2023-12-05T16:11:10","guid":{"rendered":"https:\/\/www.sjr-magdeburg.de\/?page_id=1311"},"modified":"2023-12-06T17:15:55","modified_gmt":"2023-12-06T16:15:55","slug":"sachsen-anhalt","status":"publish","type":"page","link":"https:\/\/www.sjr-magdeburg.de\/index.php\/sachsen-anhalt\/","title":{"rendered":"Sachsen- Anhalt"},"content":{"rendered":"\n<h1 class=\"wp-block-heading\">JISSA- JugendInfoService Sachsen- Anhalt<\/h1>\n\n\n<div class=\"wp-block-image\">\n<figure class=\"alignright\"><a href=\"http:\/\/jiz-magdeburg.de\/wp-content\/uploads\/2015\/06\/jissalogo.jpg\"><img decoding=\"async\" src=\"http:\/\/jiz-magdeburg.de\/wp-content\/uploads\/2015\/06\/jissalogo.jpg\" alt=\"jissalogo\" class=\"wp-image-1202\"\/><\/a><\/figure>\n<\/div>\n\n\n<p><br>.lkj)&nbsp;Sachsen-Anhalt e.V.<br>Brandenburger Str.9<br>39104 Magdeburg<br>Tel: 0391\/244 51 60<br>Fax: 0391\/244 51 70<br>E-Mail:&nbsp;<a href=\"mailto:\">&#x6a;i&#x73;s&#x61;&#64;&#x6a;&#117;g&#x65;n&#x64;-&#x6c;&#115;&#x61;&#46;d&#x65;<\/a><br>Web:&nbsp;<a href=\"http:\/\/www.jugend-lsa.de\/\" target=\"_blank\" rel=\"noreferrer noopener\">www.jugend-lsa.de<\/a>&nbsp;oder&nbsp;<a href=\"http:\/\/www.jissa.de\/\">www.jissa.de<\/a><\/p>\n\n\n\n<p>Hier findest du ein Jugendportal, Neuigkeiten aus Sachsen- Anhalt, ein Magazin und Informationen&nbsp; f\u00fcr Fachk\u00e4fte.<\/p>\n\n\n\n<h1 class=\"wp-block-heading\">Kinder- und Jugendring Sachsen-Anhalt e.V.<\/h1>\n\n\n\n<p>Schleinufer 14<br>39104 Magdeburg<\/p>\n\n\n\n<p>Tel: 0391-535 394 80<br>Fax: 0391-597 95 38<br>Email:&nbsp;<a href=\"mailto:\">info&#64;kj&#114;&#45;&#108;&#115;&#x61;&#x2e;&#x64;&#x65;<\/a><br>Web:&nbsp;<a href=\"http:\/\/www.kjr-lsa.de\/\">www.kjr-lsa.de<\/a><\/p>\n\n\n\n<p>Hier findest du unter anderem Informationen zur Jugendpolitik in Sachsen- Anhalt, zu zahlreichen Mitgliedsverb\u00e4nden, zum Projekt \u201cJugend macht Zukunft\u201d und verschiedene Ver\u00f6ffentlichungen zu unterschiedlichen Themen wie beispielsweise Partizipation oder Freir\u00e4ume f\u00fcr Kinder und Jugendliche.<\/p>\n\n\n\n<h2 class=\"wp-block-heading\"><strong>Landeszentralstelle<\/strong>&nbsp;juleica Sachsen- Anhalt<\/h2>\n\n\n<div class=\"wp-block-image\">\n<figure class=\"alignright\"><img decoding=\"async\" src=\"https:\/\/encrypted-tbn3.gstatic.com\/images?q=tbn:ANd9GcQE-yPvY68KD1GzAwasawROCisCHR8Iu7wFQ7NJ65sgmAofrOXl\" alt=\"Bildergebnis f\u00fcr landeszentralstelle juleica sachsen anhalt\"\/><\/figure>\n<\/div>\n\n\n<p>Kinder- und Jugendring Sachsen-Anhalt e.V.<br>Schleinufer&nbsp;14<br>39104 Magdeburg<br>Tel: 0391-535 394 83<br>Fax: 0391-597 95 38<br>Email:&nbsp;<a href=\"mailto:\">j&#x75;&#x6c;e&#105;&#x63;a&#64;&#x6b;&#x6a;r&#45;&#x6c;sa&#x2e;&#x64;e<\/a><br>Web:&nbsp;<a href=\"http:\/\/www.juleica-lsa.de\/\">www.juleica-lsa.de<\/a><\/p>\n\n\n\n<p>Hier findest du alle Informationen rund um die juleica in Sachsen- Anhalt. Neben den Anbietern findest du auch Wissenwertes zu den Grundvoraussetzungen, Verg\u00fcnstigungen, Bildungsgutscheinen und vielem mehr. Also einfach mal vorbei schauen.<\/p>\n\n\n\n<h2 class=\"wp-block-heading\">Antidiskrimierungsstelle Sachen- Anhalt mit Sitz auch in Magdeburg<\/h2>\n\n\n\n<p><strong>Janine Weidanz | Projektmitarbeiterin<\/strong><br>Jugendwerkstatt \u201eFrohe Zukunft\u201c Halle-Saalekreis e. V.<br>Agnetenstra\u00dfe 14<br>39106 Magdeburg<br>Mobil: 0176-20446929 | 0391-79293374<br>E-mail:&nbsp;<a href=\"https:\/\/antidiskriminierungsstelle-sachsen-anhalt.de\/kontakt\/\" target=\"_blank\" rel=\"noreferrer noopener\">Kontakt<\/a><br>Web:&nbsp;<a href=\"http:\/\/www.antidiskriminierungsstelle-sachsen-anhalt.de\/\" target=\"_blank\" rel=\"noreferrer noopener\">www.antidiskriminierungsstelle-sachsen-anhalt.de<\/a><\/p>\n\n\n\n<p>Die Antidiskriminierungsstelle bietet Beratung und Unterst\u00fctzung f\u00fcr Menschen an, die Diskriminierung erfahren (haben). Dabei arbeiten wir merkmals\u00fcbergreifend und beraten z.B. bei Diskriminierungen aufgrund von Geschlecht, sexueller Identit\u00e4t, ethnischer Herkunft, Alter, Behinderung, Religion oder Weltanschauung. &nbsp;Es spielt keine Rolle, in welchem Lebensbereich die ratsuchenden Personen betroffen sind (Arbeit, Bildungsbereich, Freizeit, Wohnungsmarkt,\u2026).<\/p>\n\n\n\n<p>Sie h\u00f6ren zu und suchen \u2013 sofern gew\u00fcnscht \u2013 gemeinsam mit der ratsuchenden Person nach m\u00f6glichen L\u00f6sungen und begleiten&nbsp; bei weiteren Schritten (z.B. Beschwerdebrief, kl\u00e4rendes Gespr\u00e4ch,\u2026).<\/p>\n\n\n\n<p>Beratungen k\u00f6nnen in dem B\u00fcro in Magdeburg stattfinden, als auch telefonisch oder per Mail.<\/p>\n\n\n\n<p>Neben der Beratungst\u00e4tigkeit bietet sie Schulungen und Fortbildungen zu den Themen Antidiskriminierung und Allgemeines Gleichbehandlungsgesetz f\u00fcr den p\u00e4dagogischen Bereich an. \u00dcber gezielte \u00d6ffentlichkeitsarbeit sensibilisiert sie zum Thema Diskriminierung.<\/p>\n\n\n\n<h2 class=\"wp-block-heading\">Servicestelle Kinder- und Jugendschutz<\/h2>\n\n\n<div class=\"wp-block-image\">\n<figure class=\"alignright\"><a href=\"https:\/\/jiz-magdeburg.de\/wp-content\/uploads\/2015\/06\/wortwolke-jugendschutz.png\"><img decoding=\"async\" src=\"https:\/\/jiz-magdeburg.de\/wp-content\/uploads\/2015\/06\/wortwolke-jugendschutz-510x237.png\" alt=\"\" class=\"wp-image-3130\"\/><\/a><\/figure>\n<\/div>\n\n\n<p><\/p>\n\n\n\n<p><\/p>\n\n\n\n<p><strong>fjp>media<br>Servicestelle Kinder- und Jugendschutz<br><\/strong>Gareisstr. 15<br>39106 Magdeburg<br>Tel.: 0391 \/ 503 76 40<br>Fax: 0391 \/ 541 07 67<br>Mail:\u00a0<a rel=\"noreferrer noopener\" href=\"ma&#105;&#x6c;&#x74;&#x6f;:ju&#103;&#x65;&#x6e;&#x64;sc&#104;&#117;&#x74;&#x7a;&#x40;fj&#112;&#x2d;&#x6d;&#x65;dia&#46;&#x64;&#x65;\" target=\"_blank\">j&#117;&#x67;&#x65;nd&#115;&#x63;&#x68;u&#116;&#x7a;&#x40;fj&#112;&#x2d;&#x6d;e&#100;&#x69;&#x61;.d&#101;<\/a><br>Web:\u00a0<a rel=\"noreferrer noopener\" href=\"http:\/\/www.servicestelle-jugendschutz.de\/\" target=\"_blank\">www.servicestelle-jugendschutz.de<\/a><\/p>\n\n\n\n<p>Die Servicestelle Kinder- und Jugendschutz von fjp&gt;media, dem Verband junger Medienmacher in Sachsen-Anhalt, bietet Projekte und Bildungsangebote, Information und Beratung sowie Netzwerkarbeit und Fortbildungen zu Fragen des Kinder- und Jugendschutzes an.<\/p>\n\n\n\n<p>Dar\u00fcber hinaus wirkt sie in Pr\u00fcf-, Kontroll- und Aufsichtsgremien des gesetzlichen Kinder- und Jugendschutzes mit.<\/p>\n\n\n\n<h2 class=\"wp-block-heading\">Europe Direct Magdeburg<\/h2>\n\n\n\n<p>Leiterstra\u00dfe 2,<br>39104 Magdeburg<br>Telefon: 0391\/ 567-6476<br>Mail: &#116;&#x65;&#97;&#x6d;&#64;&#x65;d&#x2d;m&#x64;.&#x65;u<\/p>\n\n\n\n<p>Deutschlandweit gibt es seit 2005 nahezu fl\u00e4chendeckend EUROPE DIRECT (EDs). Sie stellen eine wichtige Schnittstelle zwischen den B\u00fcrger*innen und der EU auf der regionalen und lokalen Ebene dar.<\/p>\n\n\n\n<p>Die EDs f\u00fchren Veranstaltungen zu EU-Themen durch und beraten Sie vor Ort zu Fragen der EU.<\/p>\n\n\n\n<p>Das Europe Direct Magdeburg hat auch ein Besucherzentrum, in dem \u00fcber 100 Ver\u00f6ffentlichungen angeschaut und das entsprechend N\u00fctzliche mitgenommen werden kann.<\/p>\n\n\n\n<hr class=\"wp-block-separator has-alpha-channel-opacity\"\/>\n\n\n\n<h1 class=\"wp-block-heading\">FSJ, F\u00d6J und andere Freiwilligendienste<\/h1>\n\n\n\n<p>Hier findest du Anlaufstellen, wenn du nach einer FSJ- Stelle oder einen anderem Freiwilligendienst suchst.<\/p>\n\n\n\n<h2 class=\"wp-block-heading\">ijgd-Internationale Jugendgemeinschaftsdienste LV Sachsen- Anhalt e.V.<\/h2>\n\n\n<div class=\"wp-block-image\">\n<figure class=\"alignright\"><a href=\"http:\/\/jiz-magdeburg.de\/wp-content\/uploads\/2015\/06\/ijgdLogo.png\"><img decoding=\"async\" src=\"http:\/\/jiz-magdeburg.de\/wp-content\/uploads\/2015\/06\/ijgdLogo.png\" alt=\"ijgdLogo\" class=\"wp-image-1206\"\/><\/a><\/figure>\n<\/div>\n\n\n<p>Regionalb\u00fcro Magdeburg<\/p>\n\n\n\n<p>Schleinufer 14<\/p>\n\n\n\n<p>39104 Magdeburg<\/p>\n\n\n\n<p>Tel:&nbsp;0391\/ 50968980<\/p>\n\n\n\n<p>Fax: 0391\/ 50 96 898 9<\/p>\n\n\n\n<p>Mail:&nbsp;<a href=\"ma&#105;&#x6c;&#x74;&#x6f;:ij&#103;&#x64;&#x2e;&#x6d;ag&#100;&#101;&#x62;&#x75;&#x72;g&#64;&#105;&#x6a;&#x67;&#x64;.de\">&#x69;&#106;g&#x64;&#x2e;ma&#x67;&#100;e&#x62;&#x75;rg&#x40;&#105;j&#x67;&#x64;&#46;d&#x65;,&nbsp;<\/a><a href=\"ma&#105;&#x6c;&#x74;&#x6f;:fs&#106;&#x2e;&#x70;&#x6f;li&#116;&#105;&#x6b;&#x2e;&#x6c;sa&#64;&#x69;&#x6a;&#x67;d.d&#101;\">&#x66;&#x73;&#x6a;&#x2e;&#112;&#111;litik&#x2e;&#x6c;&#x73;&#x61;&#x40;&#105;jgd.d&#x65;<\/a>,&nbsp;<a href=\"mailto:bfd.ls&#97;&#64;&#105;&#106;&#103;&#x64;&#x2e;&#x64;&#x65;\">&#x62;&#x66;&#100;.l&#x73;&#x61;&#x40;ijg&#x64;&#x2e;&#100;e<\/a><\/p>\n\n\n\n<p>ijgd LV Sachsen-Anhalt e.V.<br>Unter den Weiden 11\/12<br>38820 Halberstadt<\/p>\n\n\n\n<p>Tel.: 03941\/ 56 52 -16\/ -19\/ -20<br>Fax : 03941\/ 56 52- 52<\/p>\n\n\n\n<p>Mail:&nbsp;<a href=\"&#109;a&#x69;l&#x74;o&#x3a;&#105;&#x6a;&#103;d&#x2e;h&#x61;l&#x62;e&#x72;&#115;&#x74;&#97;d&#x74;&#64;&#x69;j&#x67;&#100;&#x2e;&#100;e\">ijgd.h&#97;&#108;&#98;&#x65;&#x72;&#x73;&#x74;&#x61;&#x64;&#x74;&#64;ijgd.d&#101;<\/a>,&nbsp;<a href=\"http:\/&#x2f;&#x77;w&#119;&#x2e;fr&#x65;&#x69;w&#105;&#x6c;li&#x67;&#x64;a&#98;&#x65;i.&#x64;&#x65;\/&#102;&#x73;j&#46;&#x68;&#x62;s&#x40;&#x69;j&#103;&#x64;.d&#x65;\">&#x66;&#x73;&#x6a;&#x2e;&#x68;&#x62;&#x73;&#64;&#105;&#106;gd.de<\/a>,&nbsp;<a href=\"&#x6d;&#x61;&#x69;&#x6c;&#x74;&#x6f;&#x3a;&#x66;&#x6f;&#x65;&#x6a;&#46;&#115;&#97;&#99;hsen-anha&#x6c;&#x74;&#x40;&#x69;&#x6a;&#x67;&#x64;&#x2e;&#x64;&#x65;\">&#x66;&#x6f;&#x65;&#x6a;&#x2e;&#x73;&#x61;&#x63;&#x68;&#x73;&#x65;&#x6e;&#x2d;&#x61;&#x6e;&#x68;&#x61;&#x6c;&#x74;&#x40;&#x69;&#x6a;&#x67;&#x64;&#x2e;&#x64;&#x65;<\/a>,&nbsp;<a href=\"m&#97;&#x69;&#x6c;to&#58;&#x66;&#x73;j.&#100;&#x65;&#x6e;km&#x61;&#x6c;&#x2e;l&#115;&#x61;&#x40;ij&#103;&#x64;&#x2e;de\">&#x66;&#x73;&#x6a;&#x2e;&#x64;&#x65;&#110;&#107;mal.ls&#x61;&#x40;&#x69;&#x6a;&#x67;&#x64;&#46;&#100;e<\/a><br>Web:&nbsp;<a href=\"http:\/\/www.ijgd.de\/dienste-in-deutschland.html\">www.ijgd.de\/dienste-in-deutschland.html<\/a><\/p>\n\n\n\n<p>Beim ijgd LV Sachsen- Anhalt e.V. werden Stellen in verschiedenen FSJ Bereichen zur Verf\u00fcgung gestellt zum Beispiel in der Politik\/Demokratie, in der Denkmalpflege und f\u00fcr Wissenschaft\/ Technik und Nachhaltigkeit. Richtig bist du hier auch, wenn du nach einer BFD oder F\u00d6J- Stelle suchst.<\/p>\n\n\n<div class=\"wp-block-image\">\n<figure class=\"aligncenter\"><a href=\"https:\/\/jiz-magdeburg.de\/wp-content\/uploads\/2015\/06\/FOEJbanner.jpg\"><img decoding=\"async\" src=\"https:\/\/jiz-magdeburg.de\/wp-content\/uploads\/2015\/06\/FOEJbanner.jpg\" alt=\"\" class=\"wp-image-3132\"\/><\/a><\/figure>\n<\/div>\n\n\n<p><br>Freiwilliges \u00d6kologisches Jahr<br>c\/o Stiftung Umwelt, Natur- und<br>Klimaschutz des Landes Sachsen-Anhalt<br>Steubenallee 2<br>39104 Magdeburg<br>Tel: 0391\/ 541 50 56<br>Mail:&nbsp;<a href=\"mailto:post@foej-lsa\" target=\"_blank\" rel=\"noreferrer noopener\">post@foej-lsa<\/a><br>Web:&nbsp;<a href=\"http:\/\/www.foej-lsa.de\/\" target=\"_blank\" rel=\"noreferrer noopener\">www.foej-lsa.de<\/a><\/p>\n\n\n\n<p>Diese Adresse ist die richtige, wenn du auf der Suche nach einem F\u00d6J bist. Sie ist neben den ijgd die zweite Ansprechpartnerin in diesem Bereich. Am besten bis jeweils 31.3. bewerben, um so mehr Auswahl bleibt dir bei der Einsatzstelle.<\/p>\n\n\n\n<h2 class=\"wp-block-heading\">.lkj) Landesvereinigung kulturelle Kinder- und Jugendbildung<strong><\/strong><\/h2>\n\n\n<div class=\"wp-block-image\">\n<figure class=\"alignright\"><a href=\"http:\/\/jiz-magdeburg.de\/wp-content\/uploads\/2015\/06\/Logolkj.jpg\"><img decoding=\"async\" src=\"http:\/\/jiz-magdeburg.de\/wp-content\/uploads\/2015\/06\/Logolkj.jpg\" alt=\"Logolkj\" class=\"wp-image-1207\"\/><\/a><\/figure>\n<\/div>\n\n\n<p>Sachsen-Anhalt e.V.<br>Brandenburger Str.9<br>39104 Magdeburg<br>Telefon<strong>:<\/strong>&nbsp;0391\/ 244 51 60<br>Fax: 0391\/ 244 51 70<br>Mail: &#x6c;&#x6b;&#x6a;&#x40;&#x6a;&#x75;&#x67;&#x65;&#x6e;&#x64;&#x2d;&#108;&#115;&#97;&#46;de<br>Web:&nbsp;<a href=\"http:\/\/www.lkj-sachsen-anhalt.de\/\">http:\/\/www.lkj-sachsen-anhalt.de<\/a><\/p>\n\n\n\n<p>Die .lkj) ist die richtige Ansprechpartnerin, wenn du auf der Suche nach einem FSJ Kultur bist. Hier werden dir zahlreiche M\u00f6glichkeiten aufgezeigt.<\/p>\n\n\n\n<h2 class=\"wp-block-heading\">Landesjugendwerk der AWO Sachsen-Anhalt e.V.<strong><\/strong><\/h2>\n\n\n<div class=\"wp-block-image\">\n<figure class=\"alignright\"><a href=\"http:\/\/jiz-magdeburg.de\/wp-content\/uploads\/2016\/02\/AWOJW.png\"><img decoding=\"async\" src=\"http:\/\/jiz-magdeburg.de\/wp-content\/uploads\/2016\/02\/AWOJW.png\" alt=\"AWOJW\" class=\"wp-image-1984\"\/><\/a><\/figure>\n<\/div>\n\n\n<p>Sch\u00f6nebecker Stra\u00dfe 82-84<br>39104 Magdeburg-Buckau<\/p>\n\n\n\n<p><strong>Fachbereich Freiwilligendienste:<br><\/strong>Tel: 0391\/40 82 456<br>Fax: 0391\/ 40 82 458<br>E-Mail:&nbsp;<a href=\"m&#97;&#x69;&#x6c;to&#58;&#x46;&#x72;e&#105;&#x77;&#x69;ll&#105;&#x67;&#x40;A&#87;&#x4f;&#x2d;Ju&#103;&#x65;&#x6e;dw&#x65;&#x72;k-&#76;&#x53;&#x41;.d&#x65;\" target=\"_blank\" rel=\"noreferrer noopener\">Freiwillig(at)AWO-Jugendwerk-LSA.de<\/a><br>Web:&nbsp;<a href=\"http:\/\/www.awo-jugendwerk-lsa.de\/awowp\/fsj\/\">http:\/\/www.awo-jugendwerk-lsa.de\/awowp\/fsj\/<\/a>;&nbsp;&nbsp;<a href=\"http:\/\/www.awo-freiwillich.de\/\">www.awo-freiwillich.de<\/a><\/p>\n\n\n\n<p>Hier findest du Informationen zum FSJ in verschiedenen Bereichen und zum BFD. Bei der zweiten Webadresse kannst du gezielt nach Einsatzstellen suchen.<\/p>\n\n\n\n<h2 class=\"wp-block-heading\">Netzwerk f\u00fcr Demokratie und Courage<\/h2>\n\n\n<div class=\"wp-block-image\">\n<figure class=\"alignright\"><img decoding=\"async\" src=\"http:\/\/www.netzwerk-courage.de\/images\/navigation\/logo_247x170.png\" alt=\"Zur\u00fcck zur Startseite\" title=\"Zur\u00fcck zur Startseite\"\/><\/figure>\n<\/div>\n\n\n<p>Landesnetzstelle Sachsen-Anhalt<br>c\/o<br>Landesjugendwerk der AWO Sachsen-Anhalt e.V.<br>Sch\u00f6nebecker Stra\u00dfe 82-84<br>39104 Magdeburg<br>Tel.: 0176 \u2013 97 91 96 67<br>Fax: 0391- 40 82 458<br>Mail:&nbsp;<a href=\"&#x6d;a&#x69;l&#x74;&#111;:&#x73;a&#x63;h&#x73;&#101;n&#x2d;a&#x6e;&#104;a&#x6c;t&#x40;n&#x65;&#116;z&#x77;e&#x72;&#107;&#x2d;&#x63;o&#x75;r&#x61;&#103;e&#x2e;d&#x65;\">s&#x61;c&#x68;&#x73;e&#x6e;-&#97;&#x6e;h&#x61;l&#116;&#x40;n&#x65;t&#122;&#x77;e&#x72;&#x6b;-&#x63;o&#117;&#x72;a&#x67;e&#46;&#x64;e<\/a><br>Web:&nbsp;<a href=\"http:\/\/www.netzwerk-courage.de\/web\/154.html\">http:\/\/www.netzwerk-courage.de\/web\/154.html<\/a><br>Das Netzwerk besetzt jedes Jahr eine Stelle im Bereich FSJ Demokratie\/ Politik, siehe auch&nbsp;<a href=\"http:\/\/jiz-magdeburg.de\/2015\/06\/freie-fsj-stelle-beim-netzwerk-fuer-demokratie-und-courage-sachsen-anhalt\/\">hier<\/a>.<\/p>\n\n\n\n<hr class=\"wp-block-separator has-alpha-channel-opacity\"\/>\n\n\n\n<h1 class=\"wp-block-heading\">Dolmetschdienste<\/h1>\n\n\n\n<h2 class=\"wp-block-heading\">Geb\u00e4rdensprachdolmetscher-Vermittlungsstelle Sachsen-Anhalt<\/h2>\n\n\n\n<p>Gro\u00dfe Diesdorfer Str. 203<br>39110 Magdeburg<\/p>\n\n\n\n<p>Tel.: 0391 \/ 62 72 915<br>Handy (nur Notfall): 0157 \/ 77 80 97 38<br>Fax: 0391 \/&nbsp; 62 02 91 57<br>E- Mail:&nbsp;&nbsp;<a href=\"m&#x61;&#x69;l&#x74;&#x6f;:&#x25;&#x32;0&#98;&#x73;t&#46;&#x66;.&#104;&#x6f;e&#114;&#x62;.f&#x65;&#x6c;s&#x63;&#x68;e&#x40;&#x66;r&#x65;&#x65;n&#101;&#x74;.&#100;&#x65;\">b&#115;&#x74;.f&#x2e;&#x68;oe&#x72;&#x62;.f&#x65;&#x6c;s&#99;&#x68;&#x65;&#64;&#102;&#x72;&#x65;e&#110;&#x65;t.&#100;&#x65;<\/a>,&nbsp;<a href=\"&#x6d;a&#x69;&#108;&#x74;&#x6f;:&#x25;&#50;&#x30;&#x62;s&#x74;&#46;&#x66;&#x2e;h&#x6f;&#101;&#x72;&#x62;.&#x73;&#116;&#x65;&#x6c;t&#x65;&#114;&#x40;&#x66;r&#x65;&#101;&#x6e;&#x65;t&#x2e;&#100;&#x65;\">b&#x73;t&#46;&#x66;.&#104;&#x6f;e&#x72;&#x62;.&#x73;t&#101;&#x6c;t&#101;&#x72;&#64;&#x66;&#x72;e&#x65;&#x6e;e&#x74;.&#100;&#x65;<\/a><br>Web:&nbsp;<a href=\"http:\/\/www.bs-sinnesbehinderung-lsa.de\/\">www.bs-sinnesbehinderung-lsa.de<\/a><\/p>\n\n\n\n<p>Ansprechpartnerinnen: Frau Felsche, Frau Stelter<\/p>\n\n\n\n<p>Sprechzeiten:&nbsp;Mo und Di: 9 \u2013 12 Uhr, 13 \u2013 18 Uhr<\/p>\n\n\n\n<h2 class=\"wp-block-heading\" id=\"imCellStyleGraphics_1\">verschiedene Sprachen<\/h2>\n\n\n\n<p>In der verlinkten Liste findest du Dolmetscher_innen f\u00fcr diverse Sprachen in ganz Sachsen- Anhalt:<\/p>\n\n\n\n<p><a href=\"http:\/\/www.mk.bildung-lsa.de\/bildung\/be-dolmetscher.pdf\">Liste Dolmetscher_innen Sachsen- Anhalt<\/a><\/p>\n","protected":false},"excerpt":{"rendered":"<p>JISSA- JugendInfoService Sachsen- Anhalt .lkj)&nbsp;Sachsen-Anhalt e.V.Brandenburger Str.939104 MagdeburgTel: 0391\/244 51 60Fax: 0391\/244 51 70E-Mail:&nbsp;jiss&#97;&#64;&#x6a;&#x75;&#x67;&#x65;&#x6e;&#x64;-lsa.&#100;&#101;Web:&nbsp;www.jugend-lsa.de&nbsp;oder&nbsp;www.jissa.de Hier findest du ein Jugendportal, Neuigkeiten aus Sachsen- Anhalt, ein Magazin und Informationen&nbsp; f\u00fcr Fachk\u00e4fte. Kinder- und Jugendring Sachsen-Anhalt e.V. Schleinufer 1439104 Magdeburg Tel: 0391-535 394 &hellip; <a href=\"https:\/\/www.sjr-magdeburg.de\/index.php\/sachsen-anhalt\/\">Weiterlesen <span class=\"meta-nav\">&rarr;<\/span><\/a><\/p>\n","protected":false},"author":1,"featured_media":0,"parent":0,"menu_order":0,"comment_status":"closed","ping_status":"closed","template":"","meta":{"footnotes":""},"class_list":["post-1311","page","type-page","status-publish","hentry"],"_links":{"self":[{"href":"https:\/\/www.sjr-magdeburg.de\/index.php\/wp-json\/wp\/v2\/pages\/1311","targetHints":{"allow":["GET"]}}],"collection":[{"href":"https:\/\/www.sjr-magdeburg.de\/index.php\/wp-json\/wp\/v2\/pages"}],"about":[{"href":"https:\/\/www.sjr-magdeburg.de\/index.php\/wp-json\/wp\/v2\/types\/page"}],"author":[{"embeddable":true,"href":"https:\/\/www.sjr-magdeburg.de\/index.php\/wp-json\/wp\/v2\/users\/1"}],"replies":[{"embeddable":true,"href":"https:\/\/www.sjr-magdeburg.de\/index.php\/wp-json\/wp\/v2\/comments?post=1311"}],"version-history":[{"count":1,"href":"https:\/\/www.sjr-magdeburg.de\/index.php\/wp-json\/wp\/v2\/pages\/1311\/revisions"}],"predecessor-version":[{"id":1312,"href":"https:\/\/www.sjr-magdeburg.de\/index.php\/wp-json\/wp\/v2\/pages\/1311\/revisions\/1312"}],"wp:attachment":[{"href":"https:\/\/www.sjr-magdeburg.de\/index.php\/wp-json\/wp\/v2\/media?parent=1311"}],"curies":[{"name":"wp","href":"https:\/\/api.w.org\/{rel}","templated":true}]}}