{"id":1300,"date":"2023-12-06T16:34:11","date_gmt":"2023-12-06T15:34:11","guid":{"rendered":"https:\/\/www.sjr-magdeburg.de\/?page_id=1300"},"modified":"2023-12-06T16:34:12","modified_gmt":"2023-12-06T15:34:12","slug":"referentinnenpool","status":"publish","type":"page","link":"https:\/\/www.sjr-magdeburg.de\/index.php\/referentinnenpool\/","title":{"rendered":"Referent*innenpool"},"content":{"rendered":"\n<p>Im Referent*innenpool unterbreiten Fachkr\u00e4fte aus Magdeburg und Umgebung eine Vielzahl von Themen und Angeboten im Rahmen ihrer hauptberuflichen oder neben- bzw. freiberuflichen T\u00e4tigkeit. Interessierte Einrichtungen sowie auch Privatpersonen, die Weiterbildungen, Elternveranstaltungen oder \u00c4hnliches planen, haben hier die M\u00f6glichkeit, sich kompetente Referent*innen zu bestimmten Themen zu suchen und einzuladen. Der Pool ist faktisch eine Experten_innenb\u00f6rse.<\/p>\n\n\n\n<p>Hier kommt ihr zum: <a href=\"https:\/\/jiz-magdeburg.de\/referentinnenpool\/\" target=\"_blank\" rel=\"noreferrer noopener\">Referent*innenpool<\/a><\/p>\n","protected":false},"excerpt":{"rendered":"<p>Im Referent*innenpool unterbreiten Fachkr\u00e4fte aus Magdeburg und Umgebung eine Vielzahl von Themen und Angeboten im Rahmen ihrer hauptberuflichen oder neben- bzw. freiberuflichen T\u00e4tigkeit. Interessierte Einrichtungen sowie auch Privatpersonen, die Weiterbildungen, Elternveranstaltungen oder \u00c4hnliches planen, haben hier die M\u00f6glichkeit, sich kompetente &hellip; <a href=\"https:\/\/www.sjr-magdeburg.de\/index.php\/referentinnenpool\/\">Weiterlesen <span class=\"meta-nav\">&rarr;<\/span><\/a><\/p>\n","protected":false},"author":1,"featured_media":0,"parent":0,"menu_order":0,"comment_status":"closed","ping_status":"closed","template":"","meta":{"footnotes":""},"class_list":["post-1300","page","type-page","status-publish","hentry"],"_links":{"self":[{"href":"https:\/\/www.sjr-magdeburg.de\/index.php\/wp-json\/wp\/v2\/pages\/1300","targetHints":{"allow":["GET"]}}],"collection":[{"href":"https:\/\/www.sjr-magdeburg.de\/index.php\/wp-json\/wp\/v2\/pages"}],"about":[{"href":"https:\/\/www.sjr-magdeburg.de\/index.php\/wp-json\/wp\/v2\/types\/page"}],"author":[{"embeddable":true,"href":"https:\/\/www.sjr-magdeburg.de\/index.php\/wp-json\/wp\/v2\/users\/1"}],"replies":[{"embeddable":true,"href":"https:\/\/www.sjr-magdeburg.de\/index.php\/wp-json\/wp\/v2\/comments?post=1300"}],"version-history":[{"count":1,"href":"https:\/\/www.sjr-magdeburg.de\/index.php\/wp-json\/wp\/v2\/pages\/1300\/revisions"}],"predecessor-version":[{"id":1301,"href":"https:\/\/www.sjr-magdeburg.de\/index.php\/wp-json\/wp\/v2\/pages\/1300\/revisions\/1301"}],"wp:attachment":[{"href":"https:\/\/www.sjr-magdeburg.de\/index.php\/wp-json\/wp\/v2\/media?parent=1300"}],"curies":[{"name":"wp","href":"https:\/\/api.w.org\/{rel}","templated":true}]}}