{"id":1292,"date":"2023-12-06T16:22:58","date_gmt":"2023-12-06T15:22:58","guid":{"rendered":"https:\/\/www.sjr-magdeburg.de\/?page_id=1292"},"modified":"2023-12-06T16:22:58","modified_gmt":"2023-12-06T15:22:58","slug":"jugendstadtplan","status":"publish","type":"page","link":"https:\/\/www.sjr-magdeburg.de\/index.php\/jugendstadtplan\/","title":{"rendered":"Jugendstadtplan"},"content":{"rendered":"\n<p>Der digitale Jugendstadtplan bietet eine \u00dcbersicht \u00fcber vielf\u00e4ltige Sport- und Freizeitangebote, Beratungsstellen, Bildungseinrichtungen und Kinder- und Jugendh\u00e4user in Magdeburg uvm.<\/p>\n\n\n\n<p>Dr\u00fcckt einfach folgenden Link:\u00a0<a rel=\"noreferrer noopener\" href=\"http:\/\/www.jugend-stadtplan.de\/\" target=\"_blank\">Jugendstadtplan<\/a><\/p>\n\n\n\n<p>Wir sind dankbar f\u00fcr Erg\u00e4nzungen und Hinweise, falls sich Adressen ge\u00e4ndert haben.<\/p>\n\n\n\n<p>Schreibt uns gern an: &#105;n&#x66;o&#x40;j&#x69;z&#x2d;m&#x61;g&#x64;e&#x62;u&#x72;g&#x2e;&#100;&#x65;<\/p>\n\n\n\n<p>Der Jugendstadtplan ist eine Kooperation zwischen dem JIZ Magdeburg und der Freiwilligenagentur Magdeburg.<\/p>\n","protected":false},"excerpt":{"rendered":"<p>Der digitale Jugendstadtplan bietet eine \u00dcbersicht \u00fcber vielf\u00e4ltige Sport- und Freizeitangebote, Beratungsstellen, Bildungseinrichtungen und Kinder- und Jugendh\u00e4user in Magdeburg uvm. Dr\u00fcckt einfach folgenden Link:\u00a0Jugendstadtplan Wir sind dankbar f\u00fcr Erg\u00e4nzungen und Hinweise, falls sich Adressen ge\u00e4ndert haben. Schreibt uns gern an: &hellip; <a href=\"https:\/\/www.sjr-magdeburg.de\/index.php\/jugendstadtplan\/\">Weiterlesen <span class=\"meta-nav\">&rarr;<\/span><\/a><\/p>\n","protected":false},"author":1,"featured_media":0,"parent":0,"menu_order":0,"comment_status":"closed","ping_status":"closed","template":"","meta":{"footnotes":""},"class_list":["post-1292","page","type-page","status-publish","hentry"],"_links":{"self":[{"href":"https:\/\/www.sjr-magdeburg.de\/index.php\/wp-json\/wp\/v2\/pages\/1292","targetHints":{"allow":["GET"]}}],"collection":[{"href":"https:\/\/www.sjr-magdeburg.de\/index.php\/wp-json\/wp\/v2\/pages"}],"about":[{"href":"https:\/\/www.sjr-magdeburg.de\/index.php\/wp-json\/wp\/v2\/types\/page"}],"author":[{"embeddable":true,"href":"https:\/\/www.sjr-magdeburg.de\/index.php\/wp-json\/wp\/v2\/users\/1"}],"replies":[{"embeddable":true,"href":"https:\/\/www.sjr-magdeburg.de\/index.php\/wp-json\/wp\/v2\/comments?post=1292"}],"version-history":[{"count":1,"href":"https:\/\/www.sjr-magdeburg.de\/index.php\/wp-json\/wp\/v2\/pages\/1292\/revisions"}],"predecessor-version":[{"id":1293,"href":"https:\/\/www.sjr-magdeburg.de\/index.php\/wp-json\/wp\/v2\/pages\/1292\/revisions\/1293"}],"wp:attachment":[{"href":"https:\/\/www.sjr-magdeburg.de\/index.php\/wp-json\/wp\/v2\/media?parent=1292"}],"curies":[{"name":"wp","href":"https:\/\/api.w.org\/{rel}","templated":true}]}}