{"id":1289,"date":"2023-12-06T16:11:40","date_gmt":"2023-12-06T15:11:40","guid":{"rendered":"https:\/\/www.sjr-magdeburg.de\/?page_id=1289"},"modified":"2023-12-06T16:11:40","modified_gmt":"2023-12-06T15:11:40","slug":"fachkraefte-info","status":"publish","type":"page","link":"https:\/\/www.sjr-magdeburg.de\/index.php\/fachkraefte-info\/","title":{"rendered":"Fachkr\u00e4fte-Info"},"content":{"rendered":"\n<p>Auf diesen Seiten findet ihr Informationen zu Stellenausschreibungen, F\u00f6rderm\u00f6glichkeiten, Links und Tipps und Veranstaltungen. Au\u00dferdem findet ihr im Referent*innenpool Ansprechpersonen f\u00fcr spezifische Workshopangebote.<\/p>\n","protected":false},"excerpt":{"rendered":"<p>Auf diesen Seiten findet ihr Informationen zu Stellenausschreibungen, F\u00f6rderm\u00f6glichkeiten, Links und Tipps und Veranstaltungen. Au\u00dferdem findet ihr im Referent*innenpool Ansprechpersonen f\u00fcr spezifische Workshopangebote.<\/p>\n","protected":false},"author":1,"featured_media":0,"parent":0,"menu_order":0,"comment_status":"closed","ping_status":"closed","template":"","meta":{"footnotes":""},"class_list":["post-1289","page","type-page","status-publish","hentry"],"_links":{"self":[{"href":"https:\/\/www.sjr-magdeburg.de\/index.php\/wp-json\/wp\/v2\/pages\/1289","targetHints":{"allow":["GET"]}}],"collection":[{"href":"https:\/\/www.sjr-magdeburg.de\/index.php\/wp-json\/wp\/v2\/pages"}],"about":[{"href":"https:\/\/www.sjr-magdeburg.de\/index.php\/wp-json\/wp\/v2\/types\/page"}],"author":[{"embeddable":true,"href":"https:\/\/www.sjr-magdeburg.de\/index.php\/wp-json\/wp\/v2\/users\/1"}],"replies":[{"embeddable":true,"href":"https:\/\/www.sjr-magdeburg.de\/index.php\/wp-json\/wp\/v2\/comments?post=1289"}],"version-history":[{"count":1,"href":"https:\/\/www.sjr-magdeburg.de\/index.php\/wp-json\/wp\/v2\/pages\/1289\/revisions"}],"predecessor-version":[{"id":1290,"href":"https:\/\/www.sjr-magdeburg.de\/index.php\/wp-json\/wp\/v2\/pages\/1289\/revisions\/1290"}],"wp:attachment":[{"href":"https:\/\/www.sjr-magdeburg.de\/index.php\/wp-json\/wp\/v2\/media?parent=1289"}],"curies":[{"name":"wp","href":"https:\/\/api.w.org\/{rel}","templated":true}]}}