{"id":1201,"date":"2023-03-14T13:28:02","date_gmt":"2023-03-14T12:28:02","guid":{"rendered":"https:\/\/www.sjr-magdeburg.de\/?page_id=1201"},"modified":"2023-07-24T09:26:19","modified_gmt":"2023-07-24T07:26:19","slug":"jugendaktionsstag-2023","status":"publish","type":"page","link":"https:\/\/www.sjr-magdeburg.de\/index.php\/projekte\/jugendaktionsstag-2023\/","title":{"rendered":"Jugendaktionsstag 2023"},"content":{"rendered":"\n<p>Der JAT findet dieses Jahr am 09.09.2023 statt. Wir freuen uns sehr mit euch allen diesen tollen Tag zu feiern. <\/p>\n\n\n\n<p>Wie jedes Jahr k\u00f6nnen sich Vereine und Initiativen bei uns mit Aktionsst\u00e4nden anmelden. Hier ist das Anmeldeformular. <\/p>\n\n\n\n<p>Die Anmeldeformulare bitte an referentin(at)sjr-magdeburg.de<\/p>\n\n\n\n<div class=\"wp-block-file\"><a id=\"wp-block-file--media-7689c772-b227-46c1-835f-caed7956b04d\" href=\"https:\/\/www.sjr-magdeburg.de\/wp-content\/uploads\/2023\/03\/Beschreibbar-Anmeldebogen-JAT-2023-1.pdf\">Beschreibbar-Anmeldebogen-JAT-2023-1<\/a><a href=\"https:\/\/www.sjr-magdeburg.de\/wp-content\/uploads\/2023\/03\/Beschreibbar-Anmeldebogen-JAT-2023-1.pdf\" class=\"wp-block-file__button wp-element-button\" download aria-describedby=\"wp-block-file--media-7689c772-b227-46c1-835f-caed7956b04d\">Herunterladen<\/a><\/div>\n\n\n\n<p>F\u00fcr alle die gerne auf Bildern und Videos des Tages verewigt sein m\u00f6chten, haben wir hier die Datenschutzerkl\u00e4rung, die bei Kindern unter 16 von einer Erziehungsberechtigten Person unterschrieben werden muss. Einfach ausdrucken, unterschreiben lassen und bei uns abgeben.<\/p>\n\n\n\n<div class=\"wp-block-file\"><a id=\"wp-block-file--media-6f8084d0-4b8e-4ead-8119-e6de87155ec8\" href=\"https:\/\/www.sjr-magdeburg.de\/wp-content\/uploads\/2023\/03\/Datenschutz.pdf\">Datenschutz<\/a><a href=\"https:\/\/www.sjr-magdeburg.de\/wp-content\/uploads\/2023\/03\/Datenschutz.pdf\" class=\"wp-block-file__button wp-element-button\" download aria-describedby=\"wp-block-file--media-6f8084d0-4b8e-4ead-8119-e6de87155ec8\">Herunterladen<\/a><\/div>\n\n\n\n<figure class=\"wp-block-image size-large\"><img fetchpriority=\"high\" decoding=\"async\" width=\"1024\" height=\"724\" src=\"https:\/\/www.sjr-magdeburg.de\/wp-content\/uploads\/2023\/07\/1_2-1-1024x724.png\" alt=\"\" class=\"wp-image-1242\" srcset=\"https:\/\/www.sjr-magdeburg.de\/wp-content\/uploads\/2023\/07\/1_2-1-1024x724.png 1024w, https:\/\/www.sjr-magdeburg.de\/wp-content\/uploads\/2023\/07\/1_2-1-300x212.png 300w, https:\/\/www.sjr-magdeburg.de\/wp-content\/uploads\/2023\/07\/1_2-1-768x543.png 768w, https:\/\/www.sjr-magdeburg.de\/wp-content\/uploads\/2023\/07\/1_2-1-1536x1086.png 1536w, https:\/\/www.sjr-magdeburg.de\/wp-content\/uploads\/2023\/07\/1_2-1-424x300.png 424w, https:\/\/www.sjr-magdeburg.de\/wp-content\/uploads\/2023\/07\/1_2-1.png 2000w\" sizes=\"(max-width: 1024px) 100vw, 1024px\" \/><\/figure>\n\n\n\n<figure class=\"wp-block-image size-large\"><img decoding=\"async\" width=\"1024\" height=\"724\" src=\"https:\/\/www.sjr-magdeburg.de\/wp-content\/uploads\/2023\/07\/2_2-1-1024x724.png\" alt=\"\" class=\"wp-image-1243\" srcset=\"https:\/\/www.sjr-magdeburg.de\/wp-content\/uploads\/2023\/07\/2_2-1-1024x724.png 1024w, https:\/\/www.sjr-magdeburg.de\/wp-content\/uploads\/2023\/07\/2_2-1-300x212.png 300w, https:\/\/www.sjr-magdeburg.de\/wp-content\/uploads\/2023\/07\/2_2-1-768x543.png 768w, https:\/\/www.sjr-magdeburg.de\/wp-content\/uploads\/2023\/07\/2_2-1-1536x1086.png 1536w, https:\/\/www.sjr-magdeburg.de\/wp-content\/uploads\/2023\/07\/2_2-1-424x300.png 424w, https:\/\/www.sjr-magdeburg.de\/wp-content\/uploads\/2023\/07\/2_2-1.png 2000w\" sizes=\"(max-width: 1024px) 100vw, 1024px\" \/><\/figure>\n","protected":false},"excerpt":{"rendered":"<p>Der JAT findet dieses Jahr am 09.09.2023 statt. Wir freuen uns sehr mit euch allen diesen tollen Tag zu feiern. Wie jedes Jahr k\u00f6nnen sich Vereine und Initiativen bei uns mit Aktionsst\u00e4nden anmelden. Hier ist das Anmeldeformular. Die Anmeldeformulare bitte &hellip; <a href=\"https:\/\/www.sjr-magdeburg.de\/index.php\/projekte\/jugendaktionsstag-2023\/\">Weiterlesen <span class=\"meta-nav\">&rarr;<\/span><\/a><\/p>\n","protected":false},"author":1,"featured_media":0,"parent":52,"menu_order":0,"comment_status":"closed","ping_status":"closed","template":"","meta":{"footnotes":""},"class_list":["post-1201","page","type-page","status-publish","hentry"],"_links":{"self":[{"href":"https:\/\/www.sjr-magdeburg.de\/index.php\/wp-json\/wp\/v2\/pages\/1201","targetHints":{"allow":["GET"]}}],"collection":[{"href":"https:\/\/www.sjr-magdeburg.de\/index.php\/wp-json\/wp\/v2\/pages"}],"about":[{"href":"https:\/\/www.sjr-magdeburg.de\/index.php\/wp-json\/wp\/v2\/types\/page"}],"author":[{"embeddable":true,"href":"https:\/\/www.sjr-magdeburg.de\/index.php\/wp-json\/wp\/v2\/users\/1"}],"replies":[{"embeddable":true,"href":"https:\/\/www.sjr-magdeburg.de\/index.php\/wp-json\/wp\/v2\/comments?post=1201"}],"version-history":[{"count":4,"href":"https:\/\/www.sjr-magdeburg.de\/index.php\/wp-json\/wp\/v2\/pages\/1201\/revisions"}],"predecessor-version":[{"id":1244,"href":"https:\/\/www.sjr-magdeburg.de\/index.php\/wp-json\/wp\/v2\/pages\/1201\/revisions\/1244"}],"up":[{"embeddable":true,"href":"https:\/\/www.sjr-magdeburg.de\/index.php\/wp-json\/wp\/v2\/pages\/52"}],"wp:attachment":[{"href":"https:\/\/www.sjr-magdeburg.de\/index.php\/wp-json\/wp\/v2\/media?parent=1201"}],"curies":[{"name":"wp","href":"https:\/\/api.w.org\/{rel}","templated":true}]}}