{"id":1048,"date":"2022-03-03T13:53:58","date_gmt":"2022-03-03T12:53:58","guid":{"rendered":"https:\/\/www.sjr-magdeburg.de\/?page_id=1048"},"modified":"2026-02-02T17:40:20","modified_gmt":"2026-02-02T16:40:20","slug":"jugendverbandsreferentin","status":"publish","type":"page","link":"https:\/\/www.sjr-magdeburg.de\/index.php\/jugendverbandsreferentin\/","title":{"rendered":"Jugendverbandsarbeit"},"content":{"rendered":"\n<p>&#8230;ist eine Form der Jugendarbeit, die von jungen Menschen selbst organisiert, gemeinschaftlich gestaltet und mitverantwortet wird. Sie ist langfristig angelegt und richtet sich in der Regel an die eigenen Mitglieder, steht aber auch f\u00fcr Jugendliche offen, die nicht organisiert sind. Jugendverb\u00e4nde und ihre Zusammenschl\u00fcsse bringen die Anliegen und Interessen junger Menschen aktiv zum Ausdruck und vertreten diese in Politik und Gesellschaft. Ein wesentliches Merkmal der Jugendverb\u00e4nde ist ihre Rolle als Plattform f\u00fcr die <strong>Selbstorganisation<\/strong> von Kindern und Jugendlichen. Trotz der Unterschiede in Arbeitsweisen und Themen teilen alle Jugendverb\u00e4nde grundlegende Prinzipien:<\/p>\n\n\n\n<ul class=\"wp-block-list\">\n<li><strong>Freiwilligkeit<\/strong><\/li>\n\n\n\n<li><strong>Selbstorganisation<\/strong><\/li>\n\n\n\n<li><strong>Partizipation und Mitbestimmung<\/strong><\/li>\n\n\n\n<li><strong>Ehrenamtliches Engagement<\/strong><\/li>\n\n\n\n<li><strong>Lebensweltbezug und Werteorientierung<\/strong><\/li>\n<\/ul>\n\n\n\n<p>Die Angebote der Jugendverb\u00e4nde sind vielf\u00e4ltig und reichen von Freizeitgestaltung \u00fcber politische Bildungsarbeit bis hin zu internationalen Begegnungen. Jugendliche, die \u00e4hnliche Interessen teilen, finden in den Verb\u00e4nden eine Gemeinschaft, in der sie sich engagieren, Verantwortung \u00fcbernehmen und aktiv mitgestalten k\u00f6nnen. Gleichzeitig f\u00f6rdert die Jugendverbandsarbeit demokratische Prozesse, soziale Integration und die Pers\u00f6nlichkeitsentwicklung der Teilnehmenden.<\/p>\n\n\n\n<p><\/p>\n\n\n\n<p><\/p>\n\n\n\n<p><strong>Jugendverbandsreferentin <\/strong><\/p>\n\n\n\n<p class=\"has-text-align-left\">Hallo an alle,<\/p>\n\n\n\n<p class=\"has-text-align-left\">seit Oktober 2023 bin ich Jugendverbandsreferentin im StadtJugendRing Magdeburg e.V. und helfe euch gerne bei Fragen und Problemen rund um eure Jugendverbandsarbeit in Magdeburg. Falls ihr junge, interessierte Menschen seid und noch keine M\u00f6glichkeit gefunden habt, euch in Magdeburg zu engagieren, finden wir zusammen einen Weg! Nat\u00fcrlich geht mein Aufruf auch an die p\u00e4dagogischen Frachkr\u00e4fte: Falls ihr in euren Einrichtungen Fragen oder Ideen zur Arbeit mit Jugendverb\u00e4nden oder zur Gr\u00fcndung von Jugendverb\u00e4nden habt, k\u00f6nnt ihr gerne auch auf mich zukommen.<\/p>\n\n\n\n<p>Schreibt mir per Mail (referentin(at)sjr-magdeburg.de) oder <a href=\"https:\/\/www.instagram.com\/stadtjugendring_magdeburg\/\" data-type=\"URL\" data-id=\"https:\/\/www.instagram.com\/stadtjugendring_magdeburg\/\">Instagram<\/a> und ich helfe euch gerne weiter.<\/p>\n\n\n\n<p class=\"has-text-align-left\">Beste Gr\u00fc\u00dfe<\/p>\n\n\n\n<p>Pauline <\/p>\n\n\n\n<p>Telefon dienstlich: 015256280196<\/p>\n","protected":false},"excerpt":{"rendered":"<p>&#8230;ist eine Form der Jugendarbeit, die von jungen Menschen selbst organisiert, gemeinschaftlich gestaltet und mitverantwortet wird. Sie ist langfristig angelegt und richtet sich in der Regel an die eigenen Mitglieder, steht aber auch f\u00fcr Jugendliche offen, die nicht organisiert sind. &hellip; <a href=\"https:\/\/www.sjr-magdeburg.de\/index.php\/jugendverbandsreferentin\/\">Weiterlesen <span class=\"meta-nav\">&rarr;<\/span><\/a><\/p>\n","protected":false},"author":1,"featured_media":0,"parent":0,"menu_order":0,"comment_status":"closed","ping_status":"closed","template":"","meta":{"footnotes":""},"class_list":["post-1048","page","type-page","status-publish","hentry"],"_links":{"self":[{"href":"https:\/\/www.sjr-magdeburg.de\/index.php\/wp-json\/wp\/v2\/pages\/1048","targetHints":{"allow":["GET"]}}],"collection":[{"href":"https:\/\/www.sjr-magdeburg.de\/index.php\/wp-json\/wp\/v2\/pages"}],"about":[{"href":"https:\/\/www.sjr-magdeburg.de\/index.php\/wp-json\/wp\/v2\/types\/page"}],"author":[{"embeddable":true,"href":"https:\/\/www.sjr-magdeburg.de\/index.php\/wp-json\/wp\/v2\/users\/1"}],"replies":[{"embeddable":true,"href":"https:\/\/www.sjr-magdeburg.de\/index.php\/wp-json\/wp\/v2\/comments?post=1048"}],"version-history":[{"count":14,"href":"https:\/\/www.sjr-magdeburg.de\/index.php\/wp-json\/wp\/v2\/pages\/1048\/revisions"}],"predecessor-version":[{"id":2237,"href":"https:\/\/www.sjr-magdeburg.de\/index.php\/wp-json\/wp\/v2\/pages\/1048\/revisions\/2237"}],"wp:attachment":[{"href":"https:\/\/www.sjr-magdeburg.de\/index.php\/wp-json\/wp\/v2\/media?parent=1048"}],"curies":[{"name":"wp","href":"https:\/\/api.w.org\/{rel}","templated":true}]}}