{"id":1032,"date":"2022-03-02T13:38:30","date_gmt":"2022-03-02T12:38:30","guid":{"rendered":"https:\/\/www.sjr-magdeburg.de\/?page_id=1032"},"modified":"2022-03-02T13:51:05","modified_gmt":"2022-03-02T12:51:05","slug":"voto-online-wahlhilfe","status":"publish","type":"page","link":"https:\/\/www.sjr-magdeburg.de\/index.php\/voto-online-wahlhilfe\/","title":{"rendered":"VOTO (Online Wahlhilfe)"},"content":{"rendered":"\n<p>Bei der Oberb\u00fcrgermeisterwahl am 24. April 2022 gibt es eine online Wahlhilfe \u2013 von euch und f\u00fcr euch. VOTO ist eine parteineutrale digitale Wahlhilfe f\u00fcr kommunale Wahlen (\u00e4hnlich dem Wahl-o-maten). Die digitale Plattform befasst sich mit den Kandidat*Innen die Oberb\u00fcrgermeister von Magdeburg werden m\u00f6chten.<\/p>\n\n\n\n<p>Vor allem junge Erwachsene sollen sich \u00fcber VOTO \u00fcber die Haltung der Parteien und Kandidat*Innen zu politischen Themen f\u00fcr die anstehende Wahl informieren und sehen, wer ihnen in politischen Themen am n\u00e4chsten steht.<\/p>\n\n\n\n<p>Damit f\u00fcr VOTO die politischen Thesen erstellt werden k\u00f6nnen, suchen wir Menschen, die bei einem Thesenworkshop mitmachen. Die interessierten Jugendlichen\/jungen Erwachsenen erstellen im Workshop von VOTO und ggf. weiteren Teilnehmern die Thesen.<\/p>\n\n\n\n<p>Der Workshop findet am 25.02.2022 im CVJM statt.<\/p>\n\n\n\n<p>F\u00fcr die Teilnahme sucht der StadtJugendring Magdeburg Jugendliche\/junge Erwachsene zwischen 16 und 24 Jahren mit Interesse an politischen Themen.<\/p>\n\n\n\n<p><\/p>\n","protected":false},"excerpt":{"rendered":"<p>Bei der Oberb\u00fcrgermeisterwahl am 24. April 2022 gibt es eine online Wahlhilfe \u2013 von euch und f\u00fcr euch. VOTO ist eine parteineutrale digitale Wahlhilfe f\u00fcr kommunale Wahlen (\u00e4hnlich dem Wahl-o-maten). Die digitale Plattform befasst sich mit den Kandidat*Innen die Oberb\u00fcrgermeister &hellip; <a href=\"https:\/\/www.sjr-magdeburg.de\/index.php\/voto-online-wahlhilfe\/\">Weiterlesen <span class=\"meta-nav\">&rarr;<\/span><\/a><\/p>\n","protected":false},"author":1,"featured_media":0,"parent":0,"menu_order":0,"comment_status":"closed","ping_status":"closed","template":"","meta":{"footnotes":""},"class_list":["post-1032","page","type-page","status-publish","hentry"],"_links":{"self":[{"href":"https:\/\/www.sjr-magdeburg.de\/index.php\/wp-json\/wp\/v2\/pages\/1032","targetHints":{"allow":["GET"]}}],"collection":[{"href":"https:\/\/www.sjr-magdeburg.de\/index.php\/wp-json\/wp\/v2\/pages"}],"about":[{"href":"https:\/\/www.sjr-magdeburg.de\/index.php\/wp-json\/wp\/v2\/types\/page"}],"author":[{"embeddable":true,"href":"https:\/\/www.sjr-magdeburg.de\/index.php\/wp-json\/wp\/v2\/users\/1"}],"replies":[{"embeddable":true,"href":"https:\/\/www.sjr-magdeburg.de\/index.php\/wp-json\/wp\/v2\/comments?post=1032"}],"version-history":[{"count":3,"href":"https:\/\/www.sjr-magdeburg.de\/index.php\/wp-json\/wp\/v2\/pages\/1032\/revisions"}],"predecessor-version":[{"id":1042,"href":"https:\/\/www.sjr-magdeburg.de\/index.php\/wp-json\/wp\/v2\/pages\/1032\/revisions\/1042"}],"wp:attachment":[{"href":"https:\/\/www.sjr-magdeburg.de\/index.php\/wp-json\/wp\/v2\/media?parent=1032"}],"curies":[{"name":"wp","href":"https:\/\/api.w.org\/{rel}","templated":true}]}}